{"id":1253,"date":"2017-04-23T15:31:23","date_gmt":"2017-04-23T15:31:23","guid":{"rendered":"http:\/\/www.gpcmares.com\/fr\/?page_id=1253"},"modified":"2024-10-25T06:54:07","modified_gmt":"2024-10-25T06:54:07","slug":"residentielle","status":"publish","type":"page","link":"https:\/\/www.gpcmares.com\/fr\/inspirations\/residentielle\/","title":{"rendered":"Residencial"},"content":{"rendered":"<p>Residencial<\/p>\n<h2>Residencial<\/h2>\n<p>A trav\u00e9s de la iluminaci\u00f3n una casa se convierte en un hogar. Elije el material ideal para potenciar la funcionalidad de cada rinc\u00f3n, resaltar su personalidad y crear el hogar \u00fanico.<\/p>\n<p>no-repeat;center top;;<\/p>\n<p>inspiracion<\/p>\n<p><img decoding=\"async\" src=\"http:\/\/www.gpcmares.com\/fr\/wp-content\/uploads\/2017\/04\/Imgprincipal_residencial.jpg\" alt=\"Imgprincipal_residencial\" \/><\/p>\n<p>1500<\/p>\n<p>700<\/p>\n<p>http:\/\/www.gpcmares.com\/fr\/wp-content\/uploads\/2017\/04\/principalhresidencial_ZOOM.jpg<\/p>\n<p>Inspiraciones Residencial<\/p>\n<p>Galer\u00eda de im\u00e1genes<\/p>\n<h2 style=\"font-size: 20px; font-weight: 300;\">OTROS PROYECTOS RESIDENCIALES<\/h2>\n<p>center<\/p>\n<p>no-repeat;center top;;<\/p>\n<p>0px<\/p>\n<p>font-size: 16px;<\/p>\n<p><img decoding=\"async\" src=\"http:\/\/www.gpcmares.com\/fr\/wp-content\/uploads\/2017\/04\/MUESTRA_residencial_02.jpg\" alt=\"Residencial\" \/><\/p>\n<p>http:\/\/www.gpcmares.com\/fr\/wp-content\/uploads\/2017\/04\/MUESTRA_residencial_01.jpg<\/p>\n<p><img decoding=\"async\" src=\"http:\/\/www.gpcmares.com\/fr\/wp-content\/uploads\/2017\/04\/cruz_muestra.jpg\" alt=\"cruz_muestra\" \/><\/p>\n<p>http:\/\/www.gpcmares.com\/fr\/wp-content\/uploads\/2017\/04\/cruz_zoom.jpg<\/p>\n<p><img decoding=\"async\" src=\"http:\/\/www.gpcmares.com\/fr\/wp-content\/uploads\/2017\/04\/casa_muestra.jpg\" alt=\"casa_muestra\" \/><\/p>\n<p>http:\/\/www.gpcmares.com\/fr\/wp-content\/uploads\/2017\/04\/casa_zoom.jpg<\/p>\n<p><img decoding=\"async\" src=\"http:\/\/www.gpcmares.com\/fr\/wp-content\/uploads\/2017\/04\/Residencial03.jpg\" alt=\"Residencial03\" \/><\/p>\n<p>http:\/\/www.gpcmares.com\/fr\/wp-content\/uploads\/2017\/04\/residencial_zoom_04.jpg<\/p>\n<p><img decoding=\"async\" src=\"http:\/\/www.gpcmares.com\/fr\/wp-content\/uploads\/2017\/04\/muestra_residencial.jpg\" alt=\"muestra_residencial\" \/><\/p>\n<p>http:\/\/www.gpcmares.com\/fr\/wp-content\/uploads\/2017\/04\/zoom_residencial.jpg<\/p>\n<p><img decoding=\"async\" src=\"http:\/\/www.gpcmares.com\/fr\/wp-content\/uploads\/2017\/04\/residencial_muestra_2.jpg\" alt=\"residencial_muestra_2\" \/><\/p>\n<p>http:\/\/www.gpcmares.com\/fr\/wp-content\/uploads\/2017\/04\/residencial_zoom_2.jpg<\/p>\n","protected":false},"excerpt":{"rendered":"<p>Residencial Residencial A trav\u00e9s de la iluminaci\u00f3n una casa se convierte en un hogar. Elije el material ideal para potenciar la funcionalidad de cada rinc\u00f3n, resaltar<span class=\"excerpt-hellip\"> [\u2026]<\/span><\/p>\n","protected":false},"author":3,"featured_media":0,"parent":23,"menu_order":0,"comment_status":"closed","ping_status":"closed","template":"","meta":{"footnotes":""},"class_list":["post-1253","page","type-page","status-publish","hentry"],"_links":{"self":[{"href":"https:\/\/www.gpcmares.com\/fr\/wp-json\/wp\/v2\/pages\/1253","targetHints":{"allow":["GET"]}}],"collection":[{"href":"https:\/\/www.gpcmares.com\/fr\/wp-json\/wp\/v2\/pages"}],"about":[{"href":"https:\/\/www.gpcmares.com\/fr\/wp-json\/wp\/v2\/types\/page"}],"author":[{"embeddable":true,"href":"https:\/\/www.gpcmares.com\/fr\/wp-json\/wp\/v2\/users\/3"}],"replies":[{"embeddable":true,"href":"https:\/\/www.gpcmares.com\/fr\/wp-json\/wp\/v2\/comments?post=1253"}],"version-history":[{"count":0,"href":"https:\/\/www.gpcmares.com\/fr\/wp-json\/wp\/v2\/pages\/1253\/revisions"}],"up":[{"embeddable":true,"href":"https:\/\/www.gpcmares.com\/fr\/wp-json\/wp\/v2\/pages\/23"}],"wp:attachment":[{"href":"https:\/\/www.gpcmares.com\/fr\/wp-json\/wp\/v2\/media?parent=1253"}],"curies":[{"name":"wp","href":"https:\/\/api.w.org\/{rel}","templated":true}]}}