{"id":1350,"date":"2017-05-05T07:49:11","date_gmt":"2017-05-05T07:49:11","guid":{"rendered":"http:\/\/www.gpcmares.com\/fr\/?page_id=1350"},"modified":"2024-10-25T06:54:10","modified_gmt":"2024-10-25T06:54:10","slug":"hotellerie","status":"publish","type":"page","link":"https:\/\/www.gpcmares.com\/fr\/inspirations\/hotellerie\/","title":{"rendered":"H\u00f4tellerie"},"content":{"rendered":"<p>Hosteler\u00eda<\/p>\n<h2>Hosteler\u00eda<\/h2>\n<p>Cada hotel es un relato. Haz de la luz su hilo conductor. Un buen dise\u00f1o asegura que la estancia en un hotel devenga una grata experiencia. Tenemos materiales para hacer realidad cualquier idea.<\/p>\n<p>no-repeat;center top;;<\/p>\n<p>inspiracion<\/p>\n<p><img decoding=\"async\" src=\"http:\/\/www.gpcmares.com\/fr\/wp-content\/uploads\/2017\/05\/Imgprincipal_hosteleria.jpg\" alt=\"Imgprincipal_hosteleria\" \/><\/p>\n<p>1500<\/p>\n<p>700<\/p>\n<p>http:\/\/www.gpcmares.com\/fr\/wp-content\/uploads\/2017\/05\/principalhosteleria_ZOOM.jpg<\/p>\n<p>Inspiraciones Hosteler\u00eda<\/p>\n<p><img decoding=\"async\" src=\"http:\/\/www.gpcmares.com\/fr\/wp-content\/uploads\/2017\/05\/hosteleria_muestra_01.jpg\" alt=\"Hosteler\u00eda\" \/><\/p>\n<p>http:\/\/www.gpcmares.com\/fr\/wp-content\/uploads\/2017\/05\/hosteleria_zoom_01.jpg<\/p>\n<p><img decoding=\"async\" src=\"http:\/\/www.gpcmares.com\/fr\/wp-content\/uploads\/2017\/05\/office_muestra02.jpg\" alt=\"office_muestra02\" \/><\/p>\n<p>http:\/\/www.gpcmares.com\/fr\/wp-content\/uploads\/2017\/05\/Zoom_office_muestra02.jpg<\/p>\n<p><img decoding=\"async\" src=\"http:\/\/www.gpcmares.com\/fr\/wp-content\/uploads\/2017\/05\/hosteleria2_zmuestra_01.jpg\" alt=\"Hosteler\u00eda\" \/><\/p>\n<p>http:\/\/www.gpcmares.com\/fr\/wp-content\/uploads\/2017\/05\/hosteleria2_zoom_01.jpg<\/p>\n<p><img decoding=\"async\" src=\"http:\/\/www.gpcmares.com\/fr\/wp-content\/uploads\/2017\/05\/02hosteleria_muestra.jpg\" alt=\"02hosteleria_muestra\" \/><\/p>\n<p>http:\/\/www.gpcmares.com\/fr\/wp-content\/uploads\/2017\/05\/Zoom_hosteleria_muestra04.jpg<\/p>\n<p><img decoding=\"async\" src=\"http:\/\/www.gpcmares.com\/fr\/wp-content\/uploads\/2017\/05\/01hosteleria_muestra.jpg\" alt=\"01hosteleria_muestra\" \/><\/p>\n<p>http:\/\/www.gpcmares.com\/fr\/wp-content\/uploads\/2017\/05\/tagged-hosteleria2.jpg<\/p>\n<p><img decoding=\"async\" src=\"http:\/\/www.gpcmares.com\/fr\/wp-content\/uploads\/2017\/05\/00hosteleria_muestra.jpg\" alt=\"00hosteleria_muestra\" \/><\/p>\n<p>http:\/\/www.gpcmares.com\/fr\/wp-content\/uploads\/2017\/05\/Zoom_hosteleria_muestra.jpg<\/p>\n<p><img decoding=\"async\" src=\"http:\/\/www.gpcmares.com\/fr\/wp-content\/uploads\/2017\/05\/03hosteleria_muestra.jpg\" alt=\"03hosteleria_muestra\" \/><\/p>\n<p>http:\/\/www.gpcmares.com\/fr\/wp-content\/uploads\/2017\/05\/Zoom_hosteleria_muestra05.jpg<\/p>\n<p><img decoding=\"async\" src=\"http:\/\/www.gpcmares.com\/fr\/wp-content\/uploads\/2017\/05\/hosteleria_muestra_04.jpg\" alt=\"hosteleria_muestra_04\" \/><\/p>\n<p>http:\/\/www.gpcmares.com\/fr\/wp-content\/uploads\/2017\/05\/hosteleria_zoom_04.jpg<\/p>\n<p><img decoding=\"async\" src=\"http:\/\/www.gpcmares.com\/fr\/wp-content\/uploads\/2017\/05\/hosteleria_muestra_03.jpg\" alt=\"hosteleria_muestra_03\" \/><\/p>\n<p>http:\/\/www.gpcmares.com\/fr\/wp-content\/uploads\/2017\/05\/tagged-hosteleria1.jpg<\/p>\n","protected":false},"excerpt":{"rendered":"<p>Hosteler\u00eda Hosteler\u00eda Cada hotel es un relato. Haz de la luz su hilo conductor. Un buen dise\u00f1o asegura que la estancia en un hotel devenga una<span class=\"excerpt-hellip\"> [\u2026]<\/span><\/p>\n","protected":false},"author":3,"featured_media":0,"parent":23,"menu_order":0,"comment_status":"closed","ping_status":"closed","template":"","meta":{"footnotes":""},"class_list":["post-1350","page","type-page","status-publish","hentry"],"_links":{"self":[{"href":"https:\/\/www.gpcmares.com\/fr\/wp-json\/wp\/v2\/pages\/1350","targetHints":{"allow":["GET"]}}],"collection":[{"href":"https:\/\/www.gpcmares.com\/fr\/wp-json\/wp\/v2\/pages"}],"about":[{"href":"https:\/\/www.gpcmares.com\/fr\/wp-json\/wp\/v2\/types\/page"}],"author":[{"embeddable":true,"href":"https:\/\/www.gpcmares.com\/fr\/wp-json\/wp\/v2\/users\/3"}],"replies":[{"embeddable":true,"href":"https:\/\/www.gpcmares.com\/fr\/wp-json\/wp\/v2\/comments?post=1350"}],"version-history":[{"count":0,"href":"https:\/\/www.gpcmares.com\/fr\/wp-json\/wp\/v2\/pages\/1350\/revisions"}],"up":[{"embeddable":true,"href":"https:\/\/www.gpcmares.com\/fr\/wp-json\/wp\/v2\/pages\/23"}],"wp:attachment":[{"href":"https:\/\/www.gpcmares.com\/fr\/wp-json\/wp\/v2\/media?parent=1350"}],"curies":[{"name":"wp","href":"https:\/\/api.w.org\/{rel}","templated":true}]}}