{"id":1354,"date":"2017-05-05T08:44:57","date_gmt":"2017-05-05T08:44:57","guid":{"rendered":"http:\/\/www.gpcmares.com\/fr\/?page_id=1354"},"modified":"2024-10-25T06:54:05","modified_gmt":"2024-10-25T06:54:05","slug":"restauration","status":"publish","type":"page","link":"https:\/\/www.gpcmares.com\/fr\/inspirations\/restauration\/","title":{"rendered":"Restauration"},"content":{"rendered":"<p>Restauraci\u00f3n<\/p>\n<h2>Restauraci\u00f3n<\/h2>\n<p>Viste la luz con tus ideas. Desde una atractiva l\u00e1mpara que marque la decoraci\u00f3n, hasta la creaci\u00f3n de puntos de luz c\u00e1lidos, tambi\u00e9n en cada mesa.<br \/>\nCon la gran variedad de nuestros materiales y texturas podr\u00e1s crear ambientes que potencien la personalidad de tu proyecto.<\/p>\n<p>no-repeat;center top;;<\/p>\n<p>inspiracion<\/p>\n<p><img decoding=\"async\" src=\"http:\/\/www.gpcmares.com\/fr\/wp-content\/uploads\/2015\/08\/Restauracion_01.jpg\" alt=\"Restauracion_01\" \/><\/p>\n<p>1500<\/p>\n<p>700<\/p>\n<p>http:\/\/www.gpcmares.com\/fr\/wp-content\/uploads\/2017\/05\/tagged-restauracion1.jpg<\/p>\n<p>Inspiraciones Restauraci\u00f3n<\/p>\n<p><img decoding=\"async\" src=\"http:\/\/www.gpcmares.com\/fr\/wp-content\/uploads\/2017\/05\/canxiquet_muestra.jpg\" alt=\"canxiquet_muestra\" \/><\/p>\n<p>http:\/\/www.gpcmares.com\/fr\/wp-content\/uploads\/2017\/05\/CANXIQUETZOOM.jpg<\/p>\n<p><img decoding=\"async\" src=\"http:\/\/www.gpcmares.com\/fr\/wp-content\/uploads\/2017\/05\/restauracion_01_muestra.jpg\" alt=\"restauracion_01_muestra\" \/><\/p>\n<p>http:\/\/www.gpcmares.com\/fr\/wp-content\/uploads\/2017\/05\/restauracion_01_zoom.jpg<\/p>\n<p><img decoding=\"async\" src=\"http:\/\/www.gpcmares.com\/fr\/wp-content\/uploads\/2017\/05\/muestra_restauracion_01.jpg\" alt=\"muestra_restauracion_01\" \/><\/p>\n<p>http:\/\/www.gpcmares.com\/fr\/wp-content\/uploads\/2017\/05\/zoom_restauracion_01.jpg<\/p>\n<p><img decoding=\"async\" src=\"http:\/\/www.gpcmares.com\/fr\/wp-content\/uploads\/2017\/05\/restauracion_04_muestra.jpg\" alt=\"restauracion_04_muestra\" \/><\/p>\n<p>http:\/\/www.gpcmares.com\/fr\/wp-content\/uploads\/2017\/05\/restauracion_04_zoom.jpg<\/p>\n<p><img decoding=\"async\" src=\"http:\/\/www.gpcmares.com\/fr\/wp-content\/uploads\/2017\/05\/restauracion_muestra02.jpg\" alt=\"restauracion_muestra02\" \/><\/p>\n<p>http:\/\/www.gpcmares.com\/fr\/wp-content\/uploads\/2017\/05\/tagged-restauracion2.jpg<\/p>\n<p><img decoding=\"async\" src=\"http:\/\/www.gpcmares.com\/fr\/wp-content\/uploads\/2017\/05\/restauracion_02_muestra.jpg\" alt=\"restauracion_02_muestra\" \/><\/p>\n<p>http:\/\/www.gpcmares.com\/fr\/wp-content\/uploads\/2017\/05\/restauracion_02_zoom.jpg<\/p>\n<p><img decoding=\"async\" src=\"http:\/\/www.gpcmares.com\/fr\/wp-content\/uploads\/2017\/05\/fabric_muestra.jpg\" alt=\"fabric_muestra\" \/><\/p>\n<p>http:\/\/www.gpcmares.com\/fr\/wp-content\/uploads\/2017\/05\/fabric_zoom.jpg<\/p>\n<p><img decoding=\"async\" src=\"http:\/\/www.gpcmares.com\/fr\/wp-content\/uploads\/2017\/05\/muestra_restauracion.jpg\" alt=\"Restauraci\u00f3n\" \/><\/p>\n<p>http:\/\/www.gpcmares.com\/fr\/wp-content\/uploads\/2017\/05\/zoom_restauracion.jpg<\/p>\n<p><img decoding=\"async\" src=\"http:\/\/www.gpcmares.com\/fr\/wp-content\/uploads\/2017\/05\/restauracion_03_muestra.jpg\" alt=\"restauracion_03_muestra\" \/><\/p>\n<p>http:\/\/www.gpcmares.com\/fr\/wp-content\/uploads\/2017\/05\/restauracion_03_zoom.jpg<\/p>\n<p><img decoding=\"async\" src=\"http:\/\/www.gpcmares.com\/fr\/wp-content\/uploads\/2017\/05\/restauracion_muestra03.jpg\" alt=\"restauracion_muestra03\" \/><\/p>\n<p>http:\/\/www.gpcmares.com\/fr\/wp-content\/uploads\/2017\/05\/restauracion_muestra03.jpg<\/p>\n<p><img decoding=\"async\" src=\"http:\/\/www.gpcmares.com\/fr\/wp-content\/uploads\/2017\/05\/basic_01_muestra.jpg\" alt=\"basic_01_muestra\" \/><\/p>\n<p>http:\/\/www.gpcmares.com\/fr\/wp-content\/uploads\/2017\/05\/basic_01_zoom.jpg<\/p>\n<p><img decoding=\"async\" src=\"http:\/\/www.gpcmares.com\/fr\/wp-content\/uploads\/2017\/05\/cooper_muestra.jpg\" alt=\"cooper_muestra\" \/><\/p>\n<p>http:\/\/www.gpcmares.com\/fr\/wp-content\/uploads\/2017\/05\/cooper_zoom.jpg<\/p>\n","protected":false},"excerpt":{"rendered":"<p>Restauraci\u00f3n Restauraci\u00f3n Viste la luz con tus ideas. Desde una atractiva l\u00e1mpara que marque la decoraci\u00f3n, hasta la creaci\u00f3n de puntos de luz c\u00e1lidos, tambi\u00e9n en<span class=\"excerpt-hellip\"> [\u2026]<\/span><\/p>\n","protected":false},"author":3,"featured_media":0,"parent":23,"menu_order":0,"comment_status":"closed","ping_status":"closed","template":"","meta":{"footnotes":""},"class_list":["post-1354","page","type-page","status-publish","hentry"],"_links":{"self":[{"href":"https:\/\/www.gpcmares.com\/fr\/wp-json\/wp\/v2\/pages\/1354","targetHints":{"allow":["GET"]}}],"collection":[{"href":"https:\/\/www.gpcmares.com\/fr\/wp-json\/wp\/v2\/pages"}],"about":[{"href":"https:\/\/www.gpcmares.com\/fr\/wp-json\/wp\/v2\/types\/page"}],"author":[{"embeddable":true,"href":"https:\/\/www.gpcmares.com\/fr\/wp-json\/wp\/v2\/users\/3"}],"replies":[{"embeddable":true,"href":"https:\/\/www.gpcmares.com\/fr\/wp-json\/wp\/v2\/comments?post=1354"}],"version-history":[{"count":0,"href":"https:\/\/www.gpcmares.com\/fr\/wp-json\/wp\/v2\/pages\/1354\/revisions"}],"up":[{"embeddable":true,"href":"https:\/\/www.gpcmares.com\/fr\/wp-json\/wp\/v2\/pages\/23"}],"wp:attachment":[{"href":"https:\/\/www.gpcmares.com\/fr\/wp-json\/wp\/v2\/media?parent=1354"}],"curies":[{"name":"wp","href":"https:\/\/api.w.org\/{rel}","templated":true}]}}