{"id":1357,"date":"2017-05-05T08:52:07","date_gmt":"2017-05-05T08:52:07","guid":{"rendered":"http:\/\/www.gpcmares.com\/fr\/?page_id=1357"},"modified":"2024-10-25T06:53:59","modified_gmt":"2024-10-25T06:53:59","slug":"corporation","status":"publish","type":"page","link":"https:\/\/www.gpcmares.com\/fr\/inspirations\/corporation\/","title":{"rendered":"Corporate"},"content":{"rendered":"<p>Corporate<\/p>\n<h2>Corporate<\/h2>\n<p>\u00bfBuscas colores corporativos? Expresa la filosof\u00eda de cada empresa con el dise\u00f1o de su sede. La iluminaci\u00f3n es la clave para crear ambientes representativos, id\u00f3neos para trabajo, reuniones, encuentros.<\/p>\n<p>no-repeat;center top;;<\/p>\n<p>inspiracion<\/p>\n<p><img decoding=\"async\" src=\"http:\/\/www.gpcmares.com\/fr\/wp-content\/uploads\/2017\/05\/hosteleria_principal.jpg\" alt=\"hosteleria_principal\" \/><\/p>\n<p>1500<\/p>\n<p>700<\/p>\n<p>http:\/\/www.gpcmares.com\/fr\/wp-content\/uploads\/2017\/05\/corporateprincipal_zoom.jpg<\/p>\n<p>Inspiraciones Corporate<\/p>\n<p><img decoding=\"async\" src=\"http:\/\/www.gpcmares.com\/fr\/wp-content\/uploads\/2017\/05\/oficinas_muestra.jpg\" alt=\"oficinas_muestra\" \/><\/p>\n<p>http:\/\/www.gpcmares.com\/fr\/wp-content\/uploads\/2017\/05\/oficinas_zoom.jpg<\/p>\n<p><img decoding=\"async\" src=\"http:\/\/www.gpcmares.com\/fr\/wp-content\/uploads\/2017\/05\/corporate_muestra.jpg\" alt=\"Corporate\" \/><\/p>\n<p>http:\/\/www.gpcmares.com\/fr\/wp-content\/uploads\/2017\/05\/corporate_zoom.jpg<\/p>\n<p><img decoding=\"async\" src=\"http:\/\/www.gpcmares.com\/fr\/wp-content\/uploads\/2017\/05\/retail2_muestra.jpg\" alt=\"Retail &amp; Public\" \/><\/p>\n<p>http:\/\/www.gpcmares.com\/fr\/wp-content\/uploads\/2017\/05\/retail2_zoom.jpg<\/p>\n<p><img decoding=\"async\" src=\"http:\/\/www.gpcmares.com\/fr\/wp-content\/uploads\/2017\/05\/retail_muetsra.jpg\" alt=\"Retail &amp; Public\" \/><\/p>\n<p>http:\/\/www.gpcmares.com\/fr\/wp-content\/uploads\/2017\/05\/retail_zoom.jpg<\/p>\n<p><img decoding=\"async\" src=\"http:\/\/www.gpcmares.com\/fr\/wp-content\/uploads\/2017\/05\/corporate_muestra_01.jpg\" alt=\"corporate_muestra_01\" \/><\/p>\n<p>http:\/\/www.gpcmares.com\/fr\/wp-content\/uploads\/2017\/05\/corporate_zoom_01.jpg<\/p>\n<p><img decoding=\"async\" src=\"http:\/\/www.gpcmares.com\/fr\/wp-content\/uploads\/2017\/05\/corporate_muestra_02.jpg\" alt=\"corporate_muestra_02\" \/><\/p>\n<p>http:\/\/www.gpcmares.com\/fr\/wp-content\/uploads\/2017\/05\/corporate_zoom_02.jpg<\/p>\n<p><img decoding=\"async\" src=\"http:\/\/www.gpcmares.com\/fr\/wp-content\/uploads\/2017\/05\/corporate_muestra_03.jpg\" alt=\"corporate_muestra_03\" \/><\/p>\n<p>http:\/\/www.gpcmares.com\/fr\/wp-content\/uploads\/2017\/05\/corporate_zoom_03.jpg<\/p>\n","protected":false},"excerpt":{"rendered":"<p>Corporate Corporate \u00bfBuscas colores corporativos? Expresa la filosof\u00eda de cada empresa con el dise\u00f1o de su sede. La iluminaci\u00f3n es la clave para crear ambientes representativos,<span class=\"excerpt-hellip\"> [\u2026]<\/span><\/p>\n","protected":false},"author":3,"featured_media":0,"parent":23,"menu_order":0,"comment_status":"closed","ping_status":"closed","template":"","meta":{"footnotes":""},"class_list":["post-1357","page","type-page","status-publish","hentry"],"_links":{"self":[{"href":"https:\/\/www.gpcmares.com\/fr\/wp-json\/wp\/v2\/pages\/1357","targetHints":{"allow":["GET"]}}],"collection":[{"href":"https:\/\/www.gpcmares.com\/fr\/wp-json\/wp\/v2\/pages"}],"about":[{"href":"https:\/\/www.gpcmares.com\/fr\/wp-json\/wp\/v2\/types\/page"}],"author":[{"embeddable":true,"href":"https:\/\/www.gpcmares.com\/fr\/wp-json\/wp\/v2\/users\/3"}],"replies":[{"embeddable":true,"href":"https:\/\/www.gpcmares.com\/fr\/wp-json\/wp\/v2\/comments?post=1357"}],"version-history":[{"count":0,"href":"https:\/\/www.gpcmares.com\/fr\/wp-json\/wp\/v2\/pages\/1357\/revisions"}],"up":[{"embeddable":true,"href":"https:\/\/www.gpcmares.com\/fr\/wp-json\/wp\/v2\/pages\/23"}],"wp:attachment":[{"href":"https:\/\/www.gpcmares.com\/fr\/wp-json\/wp\/v2\/media?parent=1357"}],"curies":[{"name":"wp","href":"https:\/\/api.w.org\/{rel}","templated":true}]}}