{"id":1360,"date":"2017-05-05T08:54:39","date_gmt":"2017-05-05T08:54:39","guid":{"rendered":"http:\/\/www.gpcmares.com\/fr\/?page_id=1360"},"modified":"2024-10-25T06:53:56","modified_gmt":"2024-10-25T06:53:56","slug":"retail-public","status":"publish","type":"page","link":"https:\/\/www.gpcmares.com\/fr\/inspirations\/retail-public\/","title":{"rendered":"Retail &#038; Public"},"content":{"rendered":"<p>Retail &amp; Public<\/p>\n<h2>Retail &amp; Public<\/h2>\n<p>Haz que los escaparates impacten, acent\u00faa los productos en exposici\u00f3n, pon en los vestidores una luz que favorezca y resalta la imagen de la marca. Para todo ello, y m\u00e1s, cuenta con nuestros materiales y difusores de luz. \u00a1Ser\u00e1 todo un \u00e9xito!<\/p>\n<p>no-repeat;center top;;<\/p>\n<p>inspiracion<\/p>\n<p><img decoding=\"async\" src=\"http:\/\/www.gpcmares.com\/fr\/wp-content\/uploads\/2015\/07\/superficies.jpg\" alt=\"superficies\" \/><\/p>\n<p>1500<\/p>\n<p>700<\/p>\n<p>http:\/\/www.gpcmares.com\/fr\/wp-content\/uploads\/2017\/05\/superfifi_zoom.jpg<\/p>\n<p>Inspiraciones Retail &amp; Public<\/p>\n<p><img decoding=\"async\" src=\"http:\/\/www.gpcmares.com\/fr\/wp-content\/uploads\/2017\/05\/retail_muestra_01.jpg\" alt=\"retail_muestra_01\" \/><\/p>\n<p>http:\/\/www.gpcmares.com\/fr\/wp-content\/uploads\/2017\/05\/retail_zoom_01.jpg<\/p>\n<p><img decoding=\"async\" src=\"http:\/\/www.gpcmares.com\/fr\/wp-content\/uploads\/2017\/05\/retail_muestra_04.jpg\" alt=\"retail_muestra_04\" \/><\/p>\n<p>http:\/\/www.gpcmares.com\/fr\/wp-content\/uploads\/2017\/05\/retail_zoom_04.jpg<\/p>\n<p><img decoding=\"async\" src=\"http:\/\/www.gpcmares.com\/fr\/wp-content\/uploads\/2017\/05\/retail_muestra_02.jpg\" alt=\"retail_muestra_02\" \/><\/p>\n<p>http:\/\/www.gpcmares.com\/fr\/wp-content\/uploads\/2017\/05\/retail_zoom_02.jpg<\/p>\n<p><img decoding=\"async\" src=\"http:\/\/www.gpcmares.com\/fr\/wp-content\/uploads\/2017\/05\/retail_muestra_03.jpg\" alt=\"retail_muestra_03\" \/><\/p>\n<p>http:\/\/www.gpcmares.com\/fr\/wp-content\/uploads\/2017\/05\/retail_zoom_03.jpg<\/p>\n","protected":false},"excerpt":{"rendered":"<p>Retail &amp; Public Retail &amp; Public Haz que los escaparates impacten, acent\u00faa los productos en exposici\u00f3n, pon en los vestidores una luz que favorezca y resalta<span class=\"excerpt-hellip\"> [\u2026]<\/span><\/p>\n","protected":false},"author":3,"featured_media":0,"parent":23,"menu_order":0,"comment_status":"closed","ping_status":"closed","template":"","meta":{"footnotes":""},"class_list":["post-1360","page","type-page","status-publish","hentry"],"_links":{"self":[{"href":"https:\/\/www.gpcmares.com\/fr\/wp-json\/wp\/v2\/pages\/1360","targetHints":{"allow":["GET"]}}],"collection":[{"href":"https:\/\/www.gpcmares.com\/fr\/wp-json\/wp\/v2\/pages"}],"about":[{"href":"https:\/\/www.gpcmares.com\/fr\/wp-json\/wp\/v2\/types\/page"}],"author":[{"embeddable":true,"href":"https:\/\/www.gpcmares.com\/fr\/wp-json\/wp\/v2\/users\/3"}],"replies":[{"embeddable":true,"href":"https:\/\/www.gpcmares.com\/fr\/wp-json\/wp\/v2\/comments?post=1360"}],"version-history":[{"count":0,"href":"https:\/\/www.gpcmares.com\/fr\/wp-json\/wp\/v2\/pages\/1360\/revisions"}],"up":[{"embeddable":true,"href":"https:\/\/www.gpcmares.com\/fr\/wp-json\/wp\/v2\/pages\/23"}],"wp:attachment":[{"href":"https:\/\/www.gpcmares.com\/fr\/wp-json\/wp\/v2\/media?parent=1360"}],"curies":[{"name":"wp","href":"https:\/\/api.w.org\/{rel}","templated":true}]}}