{"id":1363,"date":"2017-05-05T08:58:27","date_gmt":"2017-05-05T08:58:27","guid":{"rendered":"http:\/\/www.gpcmares.com\/fr\/?page_id=1363"},"modified":"2024-10-25T06:53:52","modified_gmt":"2024-10-25T06:53:52","slug":"parlez-nous-votre-projet","status":"publish","type":"page","link":"https:\/\/www.gpcmares.com\/fr\/inspirations\/parlez-nous-votre-projet\/","title":{"rendered":"Parlez-nous de votre projet"},"content":{"rendered":"<p>30<\/p>\n<p>default<\/p>\n<h1 style=\"color: #ed7700; line-height: 120%;\">\u00bf<b>TIENES UN PROYECTO<\/b><br \/>\nY EST\u00c1S BUSCANDO UN PROVEEDOR<br \/>\nDE MATERIALES FIABLE<br \/>\nQUE TE ACOMPA\u00d1E?<\/h1>\n<p>Cu\u00e9ntanos en que est\u00e1s pensando y juntos encontraremos exactamente lo que necesitas.<\/p>\n<p><img decoding=\"async\" class=\"scale-with-grid\" src=\"http:\/\/www.gpcmares.com\/fr\/wp-content\/uploads\/2017\/07\/cuentanos_bodegon2.jpg\" alt=\"\" \/><\/p>\n<p>no-repeat;center top;;<\/p>\n<p>muestrario-description<\/p>\n<p>Formulario cat\u00e1logo f\u00edsico<\/p>\n<p>[caldera_form id=\u00a0\u00bbCF5c0e934c8aae7&Prime;]<\/p>\n<p>left<\/p>\n<p>no-repeat;center top;;<\/p>\n","protected":false},"excerpt":{"rendered":"<p>30 default \u00bfTIENES UN PROYECTO Y EST\u00c1S BUSCANDO UN PROVEEDOR DE MATERIALES FIABLE QUE TE ACOMPA\u00d1E? Cu\u00e9ntanos en que est\u00e1s pensando y juntos encontraremos exactamente lo<span class=\"excerpt-hellip\"> [\u2026]<\/span><\/p>\n","protected":false},"author":3,"featured_media":0,"parent":23,"menu_order":0,"comment_status":"closed","ping_status":"closed","template":"","meta":{"footnotes":""},"class_list":["post-1363","page","type-page","status-publish","hentry"],"_links":{"self":[{"href":"https:\/\/www.gpcmares.com\/fr\/wp-json\/wp\/v2\/pages\/1363","targetHints":{"allow":["GET"]}}],"collection":[{"href":"https:\/\/www.gpcmares.com\/fr\/wp-json\/wp\/v2\/pages"}],"about":[{"href":"https:\/\/www.gpcmares.com\/fr\/wp-json\/wp\/v2\/types\/page"}],"author":[{"embeddable":true,"href":"https:\/\/www.gpcmares.com\/fr\/wp-json\/wp\/v2\/users\/3"}],"replies":[{"embeddable":true,"href":"https:\/\/www.gpcmares.com\/fr\/wp-json\/wp\/v2\/comments?post=1363"}],"version-history":[{"count":0,"href":"https:\/\/www.gpcmares.com\/fr\/wp-json\/wp\/v2\/pages\/1363\/revisions"}],"up":[{"embeddable":true,"href":"https:\/\/www.gpcmares.com\/fr\/wp-json\/wp\/v2\/pages\/23"}],"wp:attachment":[{"href":"https:\/\/www.gpcmares.com\/fr\/wp-json\/wp\/v2\/media?parent=1363"}],"curies":[{"name":"wp","href":"https:\/\/api.w.org\/{rel}","templated":true}]}}