{"id":1375,"date":"2017-05-05T11:17:39","date_gmt":"2017-05-05T11:17:39","guid":{"rendered":"http:\/\/www.gpcmares.com\/fr\/?page_id=1375"},"modified":"2024-02-21T11:22:15","modified_gmt":"2024-02-21T09:22:15","slug":"demandez-catalogue-pdfalta","status":"publish","type":"page","link":"https:\/\/www.gpcmares.com\/fr\/demandez-catalogue-pdfalta\/","title":{"rendered":"Demandez catalogue PDF alta definition"},"content":{"rendered":"<p>30<\/p>\n<p>default<\/p>\n<h1 style=\"color: #ed7700; line-height: 120%;\">APRECIA <b>LOS DETALLES DE CADA MATERIAL<\/b> EN FOTOS DE ALTA RESOUCI\u00d3N<\/h1>\n<p>Cont\u00e1ctanos si quieres recibir el catalogo pdf en alta resoluci\u00f3n.<\/p>\n<p><img decoding=\"async\" class=\"scale-with-grid\" src=\"http:\/\/www.gpcmares.com\/fr\/wp-content\/uploads\/2017\/05\/paginaalta.png\" alt=\"\" \/><\/p>\n<p>left<\/p>\n<p>no-repeat;center top;;<\/p>\n<p>Formulario cat\u00e1logo f\u00edsico<\/p>\n<p>[caldera_form id=\u00a0\u00bbCF5c0e934c8aae7&Prime;]<\/p>\n<p>left<\/p>\n<p>no-repeat;center top;;<\/p>\n","protected":false},"excerpt":{"rendered":"<p>30 default APRECIA LOS DETALLES DE CADA MATERIAL EN FOTOS DE ALTA RESOUCI\u00d3N Cont\u00e1ctanos si quieres recibir el catalogo pdf en alta resoluci\u00f3n. left no-repeat;center top;;<span class=\"excerpt-hellip\"> [\u2026]<\/span><\/p>\n","protected":false},"author":3,"featured_media":0,"parent":0,"menu_order":0,"comment_status":"closed","ping_status":"closed","template":"","meta":{"footnotes":""},"class_list":["post-1375","page","type-page","status-publish","hentry"],"_links":{"self":[{"href":"https:\/\/www.gpcmares.com\/fr\/wp-json\/wp\/v2\/pages\/1375","targetHints":{"allow":["GET"]}}],"collection":[{"href":"https:\/\/www.gpcmares.com\/fr\/wp-json\/wp\/v2\/pages"}],"about":[{"href":"https:\/\/www.gpcmares.com\/fr\/wp-json\/wp\/v2\/types\/page"}],"author":[{"embeddable":true,"href":"https:\/\/www.gpcmares.com\/fr\/wp-json\/wp\/v2\/users\/3"}],"replies":[{"embeddable":true,"href":"https:\/\/www.gpcmares.com\/fr\/wp-json\/wp\/v2\/comments?post=1375"}],"version-history":[{"count":0,"href":"https:\/\/www.gpcmares.com\/fr\/wp-json\/wp\/v2\/pages\/1375\/revisions"}],"wp:attachment":[{"href":"https:\/\/www.gpcmares.com\/fr\/wp-json\/wp\/v2\/media?parent=1375"}],"curies":[{"name":"wp","href":"https:\/\/api.w.org\/{rel}","templated":true}]}}