{"id":1382,"date":"2017-05-05T12:39:43","date_gmt":"2017-05-05T12:39:43","guid":{"rendered":"http:\/\/www.gpcmares.com\/fr\/?page_id=1382"},"modified":"2024-10-25T06:49:21","modified_gmt":"2024-10-25T06:49:21","slug":"intaglio","status":"publish","type":"page","link":"https:\/\/www.gpcmares.com\/fr\/collections\/intaglio\/","title":{"rendered":"Intaglio"},"content":{"rendered":"<h1 style=\"color: #444444; font-size: 35px;\">Light diffusers &amp; lampshade materials<\/h1>\n<p>center<\/p>\n<p>no-repeat;center top;;<\/p>\n<div style=\"background: #824BB0;\">\n<p><img decoding=\"async\" style=\"width: 20px;\" src=\"http:\/\/www.gpcmares.com\/fr\/wp-content\/uploads\/2017\/05\/lamparita_white.png\" alt=\"\" \/><\/p>\n<h2>Familia: Intaglio<\/h2>\n<p><span style=\"color: #ffffff;\">Una especialidad \u00fanica con magn\u00edficas y delicadas transparencias con efecto de relieve.<\/span><br \/>\n<span style=\"color: #ffffff;\">\u00a1Descubre los efectos especiales producidos al encender y apagar la luz!<\/span><\/p>\n<\/div>\n<a class=\"button grey button_left button_full_width button_size_1 button_06778\" href=\"http:\/\/www.gpcmares.com\/fr\/wp-content\/uploads\/2017\/06\/15-06-17-v2-Cata\u0301logo-Intaglio.pdf\"     target=\"_blank\"    title=\"\"><span class=\"button_icon\"><i class=\"icon-download\"  aria-hidden=\"true\"><\/i><\/span><span class=\"button_label\">Descargar cat\u00e1logo PDF <b>Intaglio<\/b><\/span><\/a>\n\n<a class=\"button grey button_left button_full_width button_size_1 button_06778\" href=\"http:\/\/www.gpcmares.com\/fr\/wp-content\/uploads\/2017\/06\/15-06-17-v2-Cata\u0301logo-referencias-Completo.pdf\"     target=\"_blank\"    title=\"\"><span class=\"button_icon\"><i class=\"icon-download\"  aria-hidden=\"true\"><\/i><\/span><span class=\"button_label\">Descargar cat\u00e1logo PDF <b>completo<\/b><\/span><\/a>\n\n<a class=\"button grey button_left button_full_width button_size_1 button_06778\" href=\"http:\/\/www.gpcmares.com\/fr\/solicitar-catalogo-pdfalta\"     target=\"_blank\"    title=\"\"><span class=\"button_icon\"><i class=\"icon-download\"  aria-hidden=\"true\"><\/i><\/span><span class=\"button_label\">Solicitar cat\u00e1logo completo en <b>alta resoluci\u00f3n<\/b><\/span><\/a>\n\n<p>no-repeat;center top;;<\/p>\n<p>collectionbox<\/p>\n<p><img decoding=\"async\" src=\"http:\/\/www.gpcmares.com\/fr\/wp-content\/uploads\/2017\/05\/Intaglio_01.jpg\" alt=\"Intaglio\" \/><\/p>\n<p>400<\/p>\n<p>600<\/p>\n<p><img decoding=\"async\" src=\"http:\/\/www.gpcmares.com\/fr\/wp-content\/uploads\/2017\/05\/Intaglio_02.jpg\" alt=\"Intaglio\" \/><\/p>\n<p>400<\/p>\n<p>600<\/p>\n<h2 style=\"font-size: 20px; font-weight: 300;\">INTAGLIO | COLECCIONES DESTACADAS<\/h2>\n<p>center<\/p>\n<p>no-repeat;center top;;<\/p>\n<p><img decoding=\"async\" src=\"http:\/\/www.gpcmares.com\/fr\/wp-content\/uploads\/2017\/05\/Intaglio_muestra03.jpg\" alt=\"FABRIC &amp; INT. DAMASCO GOLD\" \/><\/p>\n<p>http:\/\/www.gpcmares.com\/fr\/wp-content\/uploads\/2017\/05\/Zoom_Intaglio_muestra03.jpg<\/p>\n<p>FABRIC &amp; INT. DAMASCO GOLD<\/p>\n<p><img decoding=\"async\" src=\"http:\/\/www.gpcmares.com\/fr\/wp-content\/uploads\/2017\/05\/Intaglio_muestra02.jpg\" alt=\"FABRIC &amp; INT. DAMASCO SILVER\" \/><\/p>\n<p>http:\/\/www.gpcmares.com\/fr\/wp-content\/uploads\/2017\/05\/Zoom_Intaglio_muestra02.jpg<\/p>\n<p>FABRIC &amp; INT. DAMASCO SILVER<\/p>\n<p><img decoding=\"async\" src=\"http:\/\/www.gpcmares.com\/fr\/wp-content\/uploads\/2017\/05\/Intaglio_muestra07.jpg\" alt=\"FABRIC &amp; INT. MULTITOPO\" \/><\/p>\n<p>http:\/\/www.gpcmares.com\/fr\/wp-content\/uploads\/2017\/05\/Zoom_Intaglio_muestra07.jpg<\/p>\n<p>FABRIC &amp; INT. MULTITOPO<\/p>\n<p><img decoding=\"async\" src=\"http:\/\/www.gpcmares.com\/fr\/wp-content\/uploads\/2017\/05\/Intaglio_muestra08.jpg\" alt=\"FABRIC &amp; INT. CROCODILE\" \/><\/p>\n<p>http:\/\/www.gpcmares.com\/fr\/wp-content\/uploads\/2017\/05\/Zoom_Intaglio_muestra08.jpg<\/p>\n<p>FABRIC &amp; INT. CROCODILE<\/p>\n<p><img decoding=\"async\" src=\"http:\/\/www.gpcmares.com\/fr\/wp-content\/uploads\/2017\/05\/Intaglio_muestra04.jpg\" alt=\"MULTITOPO\/ MICROGREEN\" \/><\/p>\n<p>http:\/\/www.gpcmares.com\/fr\/wp-content\/uploads\/2017\/05\/Zoom_Intaglio_muestra04.jpg<\/p>\n<p>MULTITOPO \/ MICROGREEN<\/p>\n<p><img decoding=\"async\" src=\"http:\/\/www.gpcmares.com\/fr\/wp-content\/uploads\/2017\/05\/Intaglio_muestra01.jpg\" alt=\"SERPIENTE\" \/><\/p>\n<p>http:\/\/www.gpcmares.com\/fr\/wp-content\/uploads\/2017\/05\/Zoom_Intaglio_muestra01.jpg<\/p>\n<p>SERPIENTE<\/p>\n<p><img decoding=\"async\" src=\"http:\/\/www.gpcmares.com\/fr\/wp-content\/uploads\/2017\/05\/Intaglio_muestra05.jpg\" alt=\"COTONET NUBES\" \/><\/p>\n<p>http:\/\/www.gpcmares.com\/fr\/wp-content\/uploads\/2017\/05\/Zoom_Intaglio_muestra05.jpg<\/p>\n<p>COTONET NUBES<\/p>\n<p><img decoding=\"async\" src=\"http:\/\/www.gpcmares.com\/fr\/wp-content\/uploads\/2017\/05\/Intaglio_muestra06.jpg\" alt=\"ARENAL &amp; INT- ESPIRAL\" \/><\/p>\n<p>http:\/\/www.gpcmares.com\/fr\/wp-content\/uploads\/2017\/05\/Zoom_Intaglio_muestra06.jpg<\/p>\n<p>FABRIC &amp; INT. ESPIRAL<\/p>\n<p><img decoding=\"async\" src=\"http:\/\/www.gpcmares.com\/fr\/wp-content\/uploads\/2017\/05\/DIVIDER_gris.jpg\" alt=\"DIVIDER_gris\" \/><\/p>\n<p>30<\/p>\n<p>30<\/p>\n<h3 style=\"color: #824bb0;\">FAMILIA INTAGLIO | Colecciones<\/h3>\n<p>Aqu\u00ed mostramos solo una selecci\u00f3n de esta familia Intaglio. Encontrar\u00e1 todas las colecciones que la componen en nuestro muestrario y en el cat\u00e1logo pdf. A continuaci\u00f3n, las enumeramos agrupadas por Sample Book.<\/p>\n<p>&nbsp;<\/p>\n<p><b>SAMPLE BOOK 15128_<\/b> CROCODILE \/ DOUBLE SIDE: MONTBLANC &amp; INTERIOR CROCODILE | DAMASCO \/ DOUBLE SIDE: MONTBLANC &amp; INTERIOR DAMASCO | ESPIRAL \/ DOUBLE SIDE: MONTBLANC &amp; INTERIOR ESPIRAL | FOREST \/ DOUBLE SIDE: MONTBLANC &amp; INTERIOR FOREST | MULT ITO PO \/ MICROGREEN DOUBLE SIDE: MONTBLANC &amp; INTERIOR MULTITOPO \/ MICROGREEN | NAMIBIA \/ DOUBLE SIDE: MONTBLANC &amp; INTERIOR NAMIBIA | NUBES \/ DOUBLE SIDE: MONTBLANC &amp; INTERIOR NUBES | RAYAS | SERPIENTE \/ DOUBLE SIDE: MONTBLANC &amp; INTERIOR SERPIENTE<\/p>\n<p><b>SAMPLE BOOK 15129_<\/b> DOUBLE SIDE: FABRICS &amp; INTERIOR CROCODILE | DOUBLE SIDE: FABRICS &amp; INTERIOR DAMASCO | DOUBLE SIDE: FABRICS &amp; INTERIOR DAMASCO GOLD | DOUBLE SIDE: FABRICS &amp; INTERIOR DAMASCO SILVER | DOUBLE SIDE: FABRICS &amp; INTERIOR ESPIRAL | DOUBLE SIDE: FABRICS &amp; INTERIOR FOREST | DOUBLE SIDE: FABRICS &amp; INTERIOR MICROGREEN | DOUBLE SIDE: FABRICS &amp; INTERIOR MULT ITO PO | DOUBLE SIDE: FABRICS &amp; INTERIOR NAMIBIA | DOUBLE SIDE: FABRICS &amp; INTERIOR NUBES | DOUBLE SIDE: FABRICS &amp; INTERIOR NUBES GOLD | DOUBLE SIDE: FABRICS &amp; INTERIOR NUBES SILVER | DOUBLE SIDE: FABRICS &amp; INTERIOR PATA DE GALLO | DOUBLE SIDE: FABRICS &amp; INTERIOR SERPIENTE<\/p>\n<p><b>SAMPLE BOOK 15130_<\/b> COTONET NUBES | COTONET CROCODILE | COTONET SERPIENTE | COTONET DAMASCO<\/p>\n<p>no-repeat;center top;;<\/p>\n","protected":false},"excerpt":{"rendered":"<p>Light diffusers &amp; lampshade materials center no-repeat;center top;; Familia: Intaglio Una especialidad \u00fanica con magn\u00edficas y delicadas transparencias con efecto de relieve. \u00a1Descubre los efectos especiales<span class=\"excerpt-hellip\"> [\u2026]<\/span><\/p>\n","protected":false},"author":3,"featured_media":0,"parent":25,"menu_order":0,"comment_status":"closed","ping_status":"closed","template":"","meta":{"footnotes":""},"class_list":["post-1382","page","type-page","status-publish","hentry"],"_links":{"self":[{"href":"https:\/\/www.gpcmares.com\/fr\/wp-json\/wp\/v2\/pages\/1382","targetHints":{"allow":["GET"]}}],"collection":[{"href":"https:\/\/www.gpcmares.com\/fr\/wp-json\/wp\/v2\/pages"}],"about":[{"href":"https:\/\/www.gpcmares.com\/fr\/wp-json\/wp\/v2\/types\/page"}],"author":[{"embeddable":true,"href":"https:\/\/www.gpcmares.com\/fr\/wp-json\/wp\/v2\/users\/3"}],"replies":[{"embeddable":true,"href":"https:\/\/www.gpcmares.com\/fr\/wp-json\/wp\/v2\/comments?post=1382"}],"version-history":[{"count":0,"href":"https:\/\/www.gpcmares.com\/fr\/wp-json\/wp\/v2\/pages\/1382\/revisions"}],"up":[{"embeddable":true,"href":"https:\/\/www.gpcmares.com\/fr\/wp-json\/wp\/v2\/pages\/25"}],"wp:attachment":[{"href":"https:\/\/www.gpcmares.com\/fr\/wp-json\/wp\/v2\/media?parent=1382"}],"curies":[{"name":"wp","href":"https:\/\/api.w.org\/{rel}","templated":true}]}}