{"id":1419,"date":"2017-05-10T08:12:55","date_gmt":"2017-05-10T08:12:55","guid":{"rendered":"http:\/\/www.gpcmares.com\/fr\/?page_id=1419"},"modified":"2024-10-25T06:49:44","modified_gmt":"2024-10-25T06:49:44","slug":"metalized","status":"publish","type":"page","link":"https:\/\/www.gpcmares.com\/fr\/collections\/metalized\/","title":{"rendered":"Metalized"},"content":{"rendered":"<h1 style=\"color: #444444; font-size: 35px;\">Light diffusers &amp; lampshade materials<\/h1>\n<p>center<\/p>\n<p>no-repeat;center top;;<\/p>\n<div style=\"background: #C5B9E3;\">\n<p><img decoding=\"async\" style=\"width: 20px;\" src=\"http:\/\/www.gpcmares.com\/fr\/wp-content\/uploads\/2017\/05\/lamparita_white.png\" alt=\"\" \/><\/p>\n<h2>Famille: Metalized<\/h2>\n<p>Des collections impressionnantes de mat\u00e9riaux m\u00e9tallis\u00e9s qui apportent de la luminosit\u00e9 et une touche tr\u00e8s personnelle \u00e0 chaque ambiance. Sophistiqu\u00e9 et \u00e9l\u00e9gant ou moderne et futuriste. \u00c0 vous de choisir !<\/p>\n<\/div>\n<a class=\"button grey button_left button_full_width button_size_1 button_06778\" href=\"http:\/\/www.gpcmares.com\/fr\/wp-content\/uploads\/2017\/06\/15-06-17-v2-Cat\u00e1logo-Metalized.pdf\"     target=\"_blank\"    title=\"\"><span class=\"button_icon\"><i class=\"icon-download\"  aria-hidden=\"true\"><\/i><\/span><span class=\"button_label\">Descargar cat\u00e1logo PDF <b>Metalized<\/b><\/span><\/a>\n\n<a class=\"button grey button_left button_full_width button_size_1 button_06778\" href=\"http:\/\/www.gpcmares.com\/fr\/wp-content\/uploads\/2017\/06\/15-06-17-v2-Cat\u00e1logo-referencias-Completo.pdf\"     target=\"_blank\"    title=\"\"><span class=\"button_icon\"><i class=\"icon-download\"  aria-hidden=\"true\"><\/i><\/span><span class=\"button_label\">Descargar cat\u00e1logo PDF <b>completo<\/b><\/span><\/a>\n\n<a class=\"button grey button_left button_full_width button_size_1 button_06778\" href=\"http:\/\/www.gpcmares.com\/fr\/solicitar-catalogo-pdfalta\"     target=\"_blank\"    title=\"\"><span class=\"button_icon\"><i class=\"icon-download\"  aria-hidden=\"true\"><\/i><\/span><span class=\"button_label\">Solicitar cat\u00e1logo completo en <b>alta resoluci\u00f3n<\/b><\/span><\/a>\n\n<p>no-repeat;center top;;<\/p>\n<p>collectionbox<\/p>\n<p><img decoding=\"async\" src=\"http:\/\/www.gpcmares.com\/fr\/wp-content\/uploads\/2017\/05\/Metallized_04.jpg\" alt=\"Metalized\" \/><\/p>\n<p>400<\/p>\n<p>600<\/p>\n<p><img decoding=\"async\" src=\"http:\/\/www.gpcmares.com\/fr\/wp-content\/uploads\/2017\/05\/Metallized_02.jpg\" alt=\"Metallized\" \/><\/p>\n<p>400<\/p>\n<p>600<\/p>\n<p><img decoding=\"async\" src=\"http:\/\/www.gpcmares.com\/fr\/wp-content\/uploads\/2017\/05\/Metallized_03.jpg\" alt=\"Metallized\" \/><\/p>\n<p>400<\/p>\n<p>600<\/p>\n<h2 style=\"font-size: 20px; font-weight: 300;\">METALIZED | COLECCIONES DESTACADAS<\/h2>\n<p>center<\/p>\n<p>no-repeat;center top;;<\/p>\n<p><img decoding=\"async\" src=\"http:\/\/www.gpcmares.com\/fr\/wp-content\/uploads\/2017\/05\/metallized_muestra01-1.jpg\" alt=\"BERGAMO\" \/><\/p>\n<p>http:\/\/www.gpcmares.com\/fr\/wp-content\/uploads\/2017\/05\/Zoom_Metallized_muestra01.jpg<\/p>\n<p>BERGAMO<\/p>\n<p><img decoding=\"async\" src=\"http:\/\/www.gpcmares.com\/fr\/wp-content\/uploads\/2017\/05\/metallized_muestra02.jpg\" alt=\"FABRIC &amp; INT. BLING\" \/><\/p>\n<p>http:\/\/www.gpcmares.com\/fr\/wp-content\/uploads\/2017\/05\/Zoom_Metallized_muestra02.jpg<\/p>\n<p>ARENAL &amp; INT. PLATA BLING<\/p>\n<p><img decoding=\"async\" src=\"http:\/\/www.gpcmares.com\/fr\/wp-content\/uploads\/2017\/05\/metallized_muestra03.jpg\" alt=\"BRONZE\/ RED COOPER\" \/><\/p>\n<p>http:\/\/www.gpcmares.com\/fr\/wp-content\/uploads\/2017\/05\/Zoom_Metallized_muestra03.jpg<\/p>\n<p>BRONZE \/ RED COOPER<\/p>\n<p><img decoding=\"async\" src=\"http:\/\/www.gpcmares.com\/fr\/wp-content\/uploads\/2017\/05\/metallized_muestra04.jpg\" alt=\"BURSTEN\" \/><\/p>\n<p>http:\/\/www.gpcmares.com\/fr\/wp-content\/uploads\/2017\/05\/Zoom_Metallized_muestra04.jpg<\/p>\n<p>BURSTEN<\/p>\n<p><img decoding=\"async\" src=\"http:\/\/www.gpcmares.com\/fr\/wp-content\/uploads\/2017\/05\/metallized_muestra05.jpg\" alt=\"GLASGOW\" \/><\/p>\n<p>http:\/\/www.gpcmares.com\/fr\/wp-content\/uploads\/2017\/05\/Zoom_Metallized_muestra05.jpg<\/p>\n<p>GLASGOW<\/p>\n<p><img decoding=\"async\" src=\"http:\/\/www.gpcmares.com\/fr\/wp-content\/uploads\/2017\/05\/metallized_muestra06.jpg\" alt=\"FABRIC &amp; INT. MARTELE\" \/><\/p>\n<p>http:\/\/www.gpcmares.com\/fr\/wp-content\/uploads\/2017\/05\/Zoom_Metallized_muestra06.jpg<\/p>\n<p>FABRIC &amp; INT. MARTELE<\/p>\n<p><img decoding=\"async\" src=\"http:\/\/www.gpcmares.com\/fr\/wp-content\/uploads\/2017\/05\/antiquecopper_MUESTRA.jpg\" alt=\"Antique Copper Metalized\" \/><\/p>\n<p>http:\/\/www.gpcmares.com\/fr\/wp-content\/uploads\/2017\/05\/antiquecopper_ZOOM.jpg<\/p>\n<p>ANTIQUE COPPER<\/p>\n<p><img decoding=\"async\" src=\"http:\/\/www.gpcmares.com\/fr\/wp-content\/uploads\/2017\/05\/bedfordsilver_MUESTRA.jpg\" alt=\"bedford silver Metalized\" \/><\/p>\n<p>http:\/\/www.gpcmares.com\/fr\/wp-content\/uploads\/2017\/05\/bedfordsilver_ZOOM.jpg<\/p>\n<p>BEDFORD SILVER<\/p>\n<p><img decoding=\"async\" src=\"http:\/\/www.gpcmares.com\/fr\/wp-content\/uploads\/2017\/05\/lamitexsunex_MUESTRA.jpg\" alt=\"Lamitex Sunex Metalized\" \/><\/p>\n<p>http:\/\/www.gpcmares.com\/fr\/wp-content\/uploads\/2017\/05\/lamitexsunex_ZOOM.jpg<\/p>\n<p>LAMITEX SUNEX<\/p>\n<p><img decoding=\"async\" src=\"http:\/\/www.gpcmares.com\/fr\/wp-content\/uploads\/2017\/05\/sunpowder_MUESTRA.jpg\" alt=\"Sunpowder Metalized\" \/><\/p>\n<p>http:\/\/www.gpcmares.com\/fr\/wp-content\/uploads\/2017\/05\/sunpowder_ZOOM.jpg<\/p>\n<p>SUNPOWDER<\/p>\n<p><img decoding=\"async\" src=\"http:\/\/www.gpcmares.com\/fr\/wp-content\/uploads\/2017\/05\/DIVIDER_gris.jpg\" alt=\"DIVIDER_gris\" \/><\/p>\n<p>30<\/p>\n<p>30<\/p>\n<h3 style=\"color: #c5b9e3;\">FAMILIA METALIZED | Colecciones<\/h3>\n<p>Aqu\u00ed mostramos solo una selecci\u00f3n de esta familia Metalized. Encontrar\u00e1 todas las colecciones que la componen en nuestro muestrario y en el cat\u00e1logo pdf. A continuaci\u00f3n, las enumeramos agrupadas por Sample Book.<\/p>\n<p>&nbsp;<\/p>\n<p><b>SAMPLE BOOK 17134_<\/b> BRONZE\/ RED COPPER | GLASGOW GOLD OR SILVER | GALES GOLD OR SILVER-SHINY | GALES GOLD OR SILVER-MATT | VENECIA GOLD OR SILVER | PERTH GOLD OR SILVER-SHINY | PERTH GOLD OR SILVER-MATT | MARTELE GOLD OR SILVER | FABRIC &amp; INT. MARTELE | BLING SILVER | FABRIC &amp; INT. BLING SILVER | BURSTEN GOLD OR SILVER | SWINDON SILVER | BERGAMO GOLD OR SILVER<\/p>\n<p><b>SAMPLE BOOK 17135_<\/b> FABRIC &amp; INT. PERTH SILVER | ALUMITRANS | SUNPOWDER | SUNEX | LAMITEX SUNEX | METALVISTA | ANTIQUE COPPER | FABRIC &amp; INT. ANTIQUE COPPER | BEDFORD SILVER | CLIFTON COPPER | VENECIA LAMITEX GOLD OR SILVER | LONDON GOLD DOUBLE SIDE | LONDON SILVER DOUBLE SIDE<br \/>\nno-repeat;center top;;<\/p>\n","protected":false},"excerpt":{"rendered":"<p>Light diffusers &amp; lampshade materials center no-repeat;center top;; Famille: Metalized Des collections impressionnantes de mat\u00e9riaux m\u00e9tallis\u00e9s qui apportent de la luminosit\u00e9 et une touche tr\u00e8s personnelle<span class=\"excerpt-hellip\"> [\u2026]<\/span><\/p>\n","protected":false},"author":3,"featured_media":0,"parent":25,"menu_order":0,"comment_status":"closed","ping_status":"closed","template":"","meta":{"footnotes":""},"class_list":["post-1419","page","type-page","status-publish","hentry"],"_links":{"self":[{"href":"https:\/\/www.gpcmares.com\/fr\/wp-json\/wp\/v2\/pages\/1419","targetHints":{"allow":["GET"]}}],"collection":[{"href":"https:\/\/www.gpcmares.com\/fr\/wp-json\/wp\/v2\/pages"}],"about":[{"href":"https:\/\/www.gpcmares.com\/fr\/wp-json\/wp\/v2\/types\/page"}],"author":[{"embeddable":true,"href":"https:\/\/www.gpcmares.com\/fr\/wp-json\/wp\/v2\/users\/3"}],"replies":[{"embeddable":true,"href":"https:\/\/www.gpcmares.com\/fr\/wp-json\/wp\/v2\/comments?post=1419"}],"version-history":[{"count":0,"href":"https:\/\/www.gpcmares.com\/fr\/wp-json\/wp\/v2\/pages\/1419\/revisions"}],"up":[{"embeddable":true,"href":"https:\/\/www.gpcmares.com\/fr\/wp-json\/wp\/v2\/pages\/25"}],"wp:attachment":[{"href":"https:\/\/www.gpcmares.com\/fr\/wp-json\/wp\/v2\/media?parent=1419"}],"curies":[{"name":"wp","href":"https:\/\/api.w.org\/{rel}","templated":true}]}}