{"id":1424,"date":"2017-05-10T08:34:06","date_gmt":"2017-05-10T08:34:06","guid":{"rendered":"http:\/\/www.gpcmares.com\/fr\/?page_id=1424"},"modified":"2024-10-25T06:54:34","modified_gmt":"2024-10-25T06:54:34","slug":"pleated","status":"publish","type":"page","link":"https:\/\/www.gpcmares.com\/fr\/collections\/pleated\/","title":{"rendered":"Pleated"},"content":{"rendered":"<h1 style=\"color: #444444; font-size: 35px;\">Light diffusers &amp; lampshade materials<\/h1>\n<p>center<\/p>\n<p>no-repeat;center top;;<\/p>\n<div style=\"background: #EC7A08;\">\n<p><img decoding=\"async\" style=\"width: 20px;\" src=\"http:\/\/www.gpcmares.com\/fr\/wp-content\/uploads\/2017\/05\/lamparita_white.png\" alt=\"\" \/><\/p>\n<h2>Familia: Pleated<\/h2>\n<p>Materiales plisados con gran variedad de colores y texturas. Son aplicables a una amplia gama de nuestros tejidos.<\/p>\n<\/div>\n<a class=\"button grey button_left button_full_width button_size_1 button_06778\" href=\"http:\/\/www.gpcmares.com\/fr\/wp-content\/uploads\/2017\/06\/15-06-17-v2-Cata\u0301logo-Pleated.pdf\"     target=\"_blank\"    title=\"\"><span class=\"button_icon\"><i class=\"icon-download\"  aria-hidden=\"true\"><\/i><\/span><span class=\"button_label\">Descargar cat\u00e1logo PDF <b>Pleated<\/b><\/span><\/a>\n\n<a class=\"button grey button_left button_full_width button_size_1 button_06778\" href=\"http:\/\/www.gpcmares.com\/fr\/wp-content\/uploads\/2017\/06\/15-06-17-v2-Cata\u0301logo-referencias-Completo.pdf\"     target=\"_blank\"    title=\"\"><span class=\"button_icon\"><i class=\"icon-download\"  aria-hidden=\"true\"><\/i><\/span><span class=\"button_label\">Descargar cat\u00e1logo PDF <b>completo<\/b><\/span><\/a>\n\n<a class=\"button grey button_left button_full_width button_size_1 button_06778\" href=\"http:\/\/www.gpcmares.com\/fr\/solicitar-catalogo-pdfalta\"     target=\"_blank\"    title=\"\"><span class=\"button_icon\"><i class=\"icon-download\"  aria-hidden=\"true\"><\/i><\/span><span class=\"button_label\">Solicitar cat\u00e1logo completo en <b>alta resoluci\u00f3n<\/b><\/span><\/a>\n\n<p>no-repeat;center top;;<\/p>\n<p>collectionbox<\/p>\n<p><img decoding=\"async\" src=\"http:\/\/www.gpcmares.com\/fr\/wp-content\/uploads\/2017\/05\/Pleated_01.jpg\" alt=\"Pleated\" \/><\/p>\n<p>400<\/p>\n<p>600<\/p>\n<p><img decoding=\"async\" src=\"http:\/\/www.gpcmares.com\/fr\/wp-content\/uploads\/2017\/05\/Pleated_03.jpg\" alt=\"Pleated\" \/><\/p>\n<p>400<\/p>\n<p>600<\/p>\n<h2 style=\"font-size: 20px; font-weight: 300;\">PLEATED | COLECCIONES DESTACADAS<\/h2>\n<p>center<\/p>\n<p>no-repeat;center top;;<\/p>\n<p><img decoding=\"async\" src=\"http:\/\/www.gpcmares.com\/fr\/wp-content\/uploads\/2017\/05\/Pleated_muestra01.jpg\" alt=\"COTONETPLEATED\" \/><\/p>\n<p>http:\/\/www.gpcmares.com\/fr\/wp-content\/uploads\/2017\/05\/Zoom_Pleated_muestra01.jpg<\/p>\n<p>COTONET PLEATED W47<\/p>\n<p><img decoding=\"async\" src=\"http:\/\/www.gpcmares.com\/fr\/wp-content\/uploads\/2017\/05\/Pleated_muestra02.jpg\" alt=\"COTONET PLEATED M23\" \/><\/p>\n<p>http:\/\/www.gpcmares.com\/fr\/wp-content\/uploads\/2017\/05\/Zoom_Pleated_muestra02.jpg<\/p>\n<p>COTONET PLEATED M23<\/p>\n<p><img decoding=\"async\" src=\"http:\/\/www.gpcmares.com\/fr\/wp-content\/uploads\/2017\/05\/Pleated_muestra03.jpg\" alt=\"PLISADO W36 ORGANZA\" \/><\/p>\n<p>http:\/\/www.gpcmares.com\/fr\/wp-content\/uploads\/2017\/05\/Zoom_Pleated_muestra03.jpg<\/p>\n<p>PLISADO W36 ORGANZA<\/p>\n<p><img decoding=\"async\" src=\"http:\/\/www.gpcmares.com\/fr\/wp-content\/uploads\/2017\/05\/Pleated_muestra04.jpg\" alt=\"POLIN PLEATED W36\" \/><\/p>\n<p>http:\/\/www.gpcmares.com\/fr\/wp-content\/uploads\/2017\/05\/Zoom_Pleated_muestra04.jpg<\/p>\n<p>POLIN PLEATED W36<\/p>\n<p><img decoding=\"async\" src=\"http:\/\/www.gpcmares.com\/fr\/wp-content\/uploads\/2017\/05\/Pleated_muestra05.jpg\" alt=\"ARENAL &amp; INT. PLEATED W36 ORGANZA\" \/><\/p>\n<p>http:\/\/www.gpcmares.com\/fr\/wp-content\/uploads\/2017\/05\/Zoom_Pleated_muestra05.jpg<\/p>\n<p>ARENAL &amp; INT. PLTD. W36 ORGANZA<\/p>\n<p><img decoding=\"async\" src=\"http:\/\/www.gpcmares.com\/fr\/wp-content\/uploads\/2017\/05\/DIVIDER_gris.jpg\" alt=\"DIVIDER_gris\" \/><\/p>\n<p>30<\/p>\n<p>30<\/p>\n<h3 style=\"color: #ec7a08;\">FAMILIA PLEATED | Colecciones<\/h3>\n<p>Aqu\u00ed mostramos solo una selecci\u00f3n de esta familia Pleated. Encontrar\u00e1 todas las colecciones que la componen en nuestro muestrario y en el cat\u00e1logo pdf. A continuaci\u00f3n, las enumeramos agrupada por Sample Book.<\/p>\n<p>&nbsp;<\/p>\n<p><b>SAMPLE BOOK 15126_<\/b> POLIN PLEATED 36 | COTO NET PLEATE D 47 | COTO NET PLEATED M23 | PLISADO W 36 ORGANZA | DOUBLE SIDE: ARENAL &amp; INTERIOR PLEATED W36 ORGANZA | DOUBLE SIDE: PLEATE D W36 ORGANZA &amp; INTERIOR PAPER COLOR FILTER<\/p>\n<p>no-repeat;center top;;<\/p>\n","protected":false},"excerpt":{"rendered":"<p>Light diffusers &amp; lampshade materials center no-repeat;center top;; Familia: Pleated Materiales plisados con gran variedad de colores y texturas. Son aplicables a una amplia gama de<span class=\"excerpt-hellip\"> [\u2026]<\/span><\/p>\n","protected":false},"author":3,"featured_media":0,"parent":25,"menu_order":0,"comment_status":"closed","ping_status":"closed","template":"","meta":{"footnotes":""},"class_list":["post-1424","page","type-page","status-publish","hentry"],"_links":{"self":[{"href":"https:\/\/www.gpcmares.com\/fr\/wp-json\/wp\/v2\/pages\/1424","targetHints":{"allow":["GET"]}}],"collection":[{"href":"https:\/\/www.gpcmares.com\/fr\/wp-json\/wp\/v2\/pages"}],"about":[{"href":"https:\/\/www.gpcmares.com\/fr\/wp-json\/wp\/v2\/types\/page"}],"author":[{"embeddable":true,"href":"https:\/\/www.gpcmares.com\/fr\/wp-json\/wp\/v2\/users\/3"}],"replies":[{"embeddable":true,"href":"https:\/\/www.gpcmares.com\/fr\/wp-json\/wp\/v2\/comments?post=1424"}],"version-history":[{"count":0,"href":"https:\/\/www.gpcmares.com\/fr\/wp-json\/wp\/v2\/pages\/1424\/revisions"}],"up":[{"embeddable":true,"href":"https:\/\/www.gpcmares.com\/fr\/wp-json\/wp\/v2\/pages\/25"}],"wp:attachment":[{"href":"https:\/\/www.gpcmares.com\/fr\/wp-json\/wp\/v2\/media?parent=1424"}],"curies":[{"name":"wp","href":"https:\/\/api.w.org\/{rel}","templated":true}]}}