{"id":1430,"date":"2017-05-10T09:31:05","date_gmt":"2017-05-10T09:31:05","guid":{"rendered":"http:\/\/www.gpcmares.com\/fr\/?page_id=1430"},"modified":"2024-10-25T06:54:03","modified_gmt":"2024-10-25T06:54:03","slug":"effets-speciaux","status":"publish","type":"page","link":"https:\/\/www.gpcmares.com\/fr\/nous\/effets-speciaux\/","title":{"rendered":"Effets Sp\u00e9ciaux"},"content":{"rendered":"<h1 style=\"color: #ed7700; font-size: 45px; font-weight: 300; line-height: 44px; margin: auto -20px;\">\u00bfCONOCES NUESTROS EFECTOS ESPECIALES?<\/h1>\n<p>center<\/p>\n<p>no-repeat;center top;;<\/p>\n<h2 style=\"font-weight: 300;\">TRABAJAMOS LA LUZ<\/h2>\n<p>Otros lo llaman innovaci\u00f3n. Para nosotros es un oficio. Dise\u00f1amos y fabricamos materiales exclusivos que nos diferencian.<\/p>\n<p><b>\u00a1Descubre la magia de nuestros efectos especiales al encender la luz!<\/b><\/p>\n<p>Algunas de nuestras colecciones no solo difuminan la luz, sino que adem\u00e1s consiguen que al encenderla cambie el color de la pantalla, el dibujo, la apariencia&#8230;<\/p>\n<p><b>\u00bfT\u00fa sab\u00edas que\u2026 el Blanco Plus, iluminado, se convierte en rojo vivo u otro color que elijas?<\/b><\/p>\n<p>\u00bfY que, si escoges nuestros Intaglios, al encender la luz no solo aparece el dibujo de su relieve, muchas veces inapreciable con la luz apagada, sino que tambi\u00e9n puede cambiar el color de tu l\u00e1mpara? Estos son solo ejemplos, tenemos muchos m\u00e1s.<br \/>\n\u00a1Un mundo de posibilidades a tu alcance!<\/p>\n<p>Los matices lo son todo y unos buenos acabados marcan la diferencia.<\/p>\n<p>left<\/p>\n<p>no-repeat;center top;;<\/p>\n<p>10px 10px 10px 30px<\/p>\n<p><img decoding=\"async\" src=\"http:\/\/www.gpcmares.com\/fr\/wp-content\/uploads\/2017\/05\/400x400_efects_05.jpg\" alt=\"Efectos especiales\" \/><\/p>\n<p>400<\/p>\n<p>600<\/p>\n<p><img decoding=\"async\" src=\"http:\/\/www.gpcmares.com\/fr\/wp-content\/uploads\/2017\/05\/400x400_efects_03.jpg\" alt=\"Efectos especiales\" \/><\/p>\n<p>400<\/p>\n<p>600<\/p>\n<p><img decoding=\"async\" src=\"http:\/\/www.gpcmares.com\/fr\/wp-content\/uploads\/2017\/05\/400x400_efects_08.jpg\" alt=\"400x400_efects_08\" \/><\/p>\n<p>400<\/p>\n<p>600<\/p>\n<p><img decoding=\"async\" src=\"http:\/\/www.gpcmares.com\/fr\/wp-content\/uploads\/2017\/05\/400x400_efects_07.jpg\" alt=\"Efectos especiales\" \/><\/p>\n<p>400<\/p>\n<p>600<\/p>\n<h2 style=\"font-size: 20px; font-weight: 300;\">EFECTOS ESPECIALES | COLECCIONES DESTACADAS<\/h2>\n<p>center<\/p>\n<p>no-repeat;center top;;<\/p>\n<p><img decoding=\"async\" src=\"http:\/\/www.gpcmares.com\/fr\/wp-content\/uploads\/2017\/05\/arenalpatadegallo_muestra.jpg\" alt=\"ARENAL INT. PATA DE GALLO\" \/><\/p>\n<p>http:\/\/www.gpcmares.com\/fr\/wp-content\/uploads\/2017\/05\/arenalpatadegallo_zoom.jpg<\/p>\n<p><img decoding=\"async\" src=\"http:\/\/www.gpcmares.com\/fr\/wp-content\/uploads\/2017\/05\/dakota-muestra.jpg\" alt=\"DAKOTA COLOR\" \/><\/p>\n<p>http:\/\/www.gpcmares.com\/fr\/wp-content\/uploads\/2017\/05\/dakota-zoom.jpg<\/p>\n<p><img decoding=\"async\" src=\"http:\/\/www.gpcmares.com\/fr\/wp-content\/uploads\/2017\/05\/arenalintserpiente_muestra.jpg\" alt=\"ARENAL INT. SERPIENTE\" \/><\/p>\n<p>http:\/\/www.gpcmares.com\/fr\/wp-content\/uploads\/2017\/05\/arenalintserpiente_zoom.jpg<\/p>\n<p><img decoding=\"async\" src=\"http:\/\/www.gpcmares.com\/fr\/wp-content\/uploads\/2017\/05\/siracusa-muestra.jpg\" alt=\"SIRACUSA\" \/><\/p>\n<p>http:\/\/www.gpcmares.com\/fr\/wp-content\/uploads\/2017\/05\/siracusa-zoom.jpg<\/p>\n","protected":false},"excerpt":{"rendered":"<p>\u00bfCONOCES NUESTROS EFECTOS ESPECIALES? center no-repeat;center top;; TRABAJAMOS LA LUZ Otros lo llaman innovaci\u00f3n. Para nosotros es un oficio. Dise\u00f1amos y fabricamos materiales exclusivos que nos<span class=\"excerpt-hellip\"> [\u2026]<\/span><\/p>\n","protected":false},"author":3,"featured_media":0,"parent":1440,"menu_order":0,"comment_status":"closed","ping_status":"closed","template":"","meta":{"footnotes":""},"class_list":["post-1430","page","type-page","status-publish","hentry"],"_links":{"self":[{"href":"https:\/\/www.gpcmares.com\/fr\/wp-json\/wp\/v2\/pages\/1430","targetHints":{"allow":["GET"]}}],"collection":[{"href":"https:\/\/www.gpcmares.com\/fr\/wp-json\/wp\/v2\/pages"}],"about":[{"href":"https:\/\/www.gpcmares.com\/fr\/wp-json\/wp\/v2\/types\/page"}],"author":[{"embeddable":true,"href":"https:\/\/www.gpcmares.com\/fr\/wp-json\/wp\/v2\/users\/3"}],"replies":[{"embeddable":true,"href":"https:\/\/www.gpcmares.com\/fr\/wp-json\/wp\/v2\/comments?post=1430"}],"version-history":[{"count":0,"href":"https:\/\/www.gpcmares.com\/fr\/wp-json\/wp\/v2\/pages\/1430\/revisions"}],"up":[{"embeddable":true,"href":"https:\/\/www.gpcmares.com\/fr\/wp-json\/wp\/v2\/pages\/1440"}],"wp:attachment":[{"href":"https:\/\/www.gpcmares.com\/fr\/wp-json\/wp\/v2\/media?parent=1430"}],"curies":[{"name":"wp","href":"https:\/\/api.w.org\/{rel}","templated":true}]}}