{"id":1436,"date":"2017-05-10T09:54:54","date_gmt":"2017-05-10T09:54:54","guid":{"rendered":"http:\/\/www.gpcmares.com\/fr\/?page_id=1436"},"modified":"2024-10-25T06:54:30","modified_gmt":"2024-10-25T06:54:30","slug":"flame-retardants","status":"publish","type":"page","link":"https:\/\/www.gpcmares.com\/fr\/collections\/flame-retardants\/","title":{"rendered":"Flame retardants"},"content":{"rendered":"<h1 style=\"color: #444444; font-size: 35px;\">Light diffusers &amp; lampshade materials<\/h1>\n<p>center<\/p>\n<p>no-repeat;center top;;<\/p>\n<div style=\"background: #E27EA6;\">\n<p><img decoding=\"async\" style=\"width: 20px;\" src=\"http:\/\/www.gpcmares.com\/fr\/wp-content\/uploads\/2017\/05\/lamparita_white.png\" alt=\"\" \/><\/p>\n<h2>Familia: Flame Retardants<\/h2>\n<p>Belleza y seguridad. Respondemos a las exigencias del sector Contract con una variedad de originales tejidos retardantes de llama sobre soporte tambi\u00e9n ign\u00edfugo.<\/p>\n<\/div>\n<a class=\"button grey button_left button_full_width button_size_1 button_06778\" href=\"http:\/\/www.gpcmares.com\/fr\/wp-content\/uploads\/2017\/06\/15-06-17-v2-Cata\u0301logo-Flameretardants.pdf\"     target=\"_blank\"    title=\"\"><span class=\"button_icon\"><i class=\"icon-download\"  aria-hidden=\"true\"><\/i><\/span><span class=\"button_label\">Descargar cat\u00e1logo PDF <b>Flame retardants<\/b><\/span><\/a>\n\n<a class=\"button grey button_left button_full_width button_size_1 button_06778\" href=\"http:\/\/www.gpcmares.com\/fr\/wp-content\/uploads\/2017\/06\/15-06-17-v2-Cata\u0301logo-referencias-Completo.pdf\"     target=\"_blank\"    title=\"\"><span class=\"button_icon\"><i class=\"icon-download\"  aria-hidden=\"true\"><\/i><\/span><span class=\"button_label\">Descargar cat\u00e1logo PDF <b>completo<\/b><\/span><\/a>\n\n<a class=\"button grey button_left button_full_width button_size_1 button_06778\" href=\"http:\/\/www.gpcmares.com\/fr\/solicitar-catalogo-pdfalta\"     target=\"_blank\"    title=\"\"><span class=\"button_icon\"><i class=\"icon-download\"  aria-hidden=\"true\"><\/i><\/span><span class=\"button_label\">Solicitar cat\u00e1logo completo en <b>alta resoluci\u00f3n<\/b><\/span><\/a>\n\n<p>no-repeat;center top;;<\/p>\n<p>collectionbox<\/p>\n<p><img decoding=\"async\" src=\"http:\/\/www.gpcmares.com\/fr\/wp-content\/uploads\/2017\/05\/flame_01.jpg\" alt=\"flame retardants\" \/><\/p>\n<p>400<\/p>\n<p>600<\/p>\n<p><img decoding=\"async\" src=\"http:\/\/www.gpcmares.com\/fr\/wp-content\/uploads\/2017\/05\/flame_02.jpg\" alt=\"flame retardants\" \/><\/p>\n<p>400<\/p>\n<p>600<\/p>\n<p><img decoding=\"async\" src=\"http:\/\/www.gpcmares.com\/fr\/wp-content\/uploads\/2016\/10\/TopDesign_3.jpg\" alt=\"Top Design\" \/><\/p>\n<p>400<\/p>\n<p>600<\/p>\n<h2 style=\"font-size: 20px; font-weight: 300;\">FLAME RETARDANTS | COLECCIONES DESTACADAS<\/h2>\n<p>center<\/p>\n<p>no-repeat;center top;;<\/p>\n<p><img decoding=\"async\" src=\"http:\/\/www.gpcmares.com\/fr\/wp-content\/uploads\/2017\/05\/flame_muestra01.jpg\" alt=\"PIAMONTE\" \/><\/p>\n<p>http:\/\/www.gpcmares.com\/fr\/wp-content\/uploads\/2017\/05\/Zoom_flame_muestra01.jpg<\/p>\n<p>PIAMONTE<\/p>\n<p><img decoding=\"async\" src=\"http:\/\/www.gpcmares.com\/fr\/wp-content\/uploads\/2017\/05\/flame_muestra02.jpg\" alt=\"ROMUL\" \/><\/p>\n<p>http:\/\/www.gpcmares.com\/fr\/wp-content\/uploads\/2017\/05\/Zoom_flame_muestra02.jpg<\/p>\n<p>ROMUL<\/p>\n<p><img decoding=\"async\" src=\"http:\/\/www.gpcmares.com\/fr\/wp-content\/uploads\/2017\/05\/flame_muestra03.jpg\" alt=\"LONETA UNO\" \/><\/p>\n<p>http:\/\/www.gpcmares.com\/fr\/wp-content\/uploads\/2017\/05\/Zoom_flame_muestra03.jpg<\/p>\n<p>LONETA UNO<\/p>\n<p><img decoding=\"async\" src=\"http:\/\/www.gpcmares.com\/fr\/wp-content\/uploads\/2017\/05\/flame_muestra04.jpg\" alt=\"CAPRI\" \/><\/p>\n<p>http:\/\/www.gpcmares.com\/fr\/wp-content\/uploads\/2017\/05\/Zoom_flame_muestra04.jpg<\/p>\n<p>CAPRI<\/p>\n<p><img decoding=\"async\" src=\"http:\/\/www.gpcmares.com\/fr\/wp-content\/uploads\/2017\/05\/flame_muestra05.jpg\" alt=\"ETAM\" \/><\/p>\n<p>http:\/\/www.gpcmares.com\/fr\/wp-content\/uploads\/2017\/05\/Zoom_flame_muestra05.jpg<\/p>\n<p>ETAM<\/p>\n<p><img decoding=\"async\" src=\"http:\/\/www.gpcmares.com\/fr\/wp-content\/uploads\/2017\/05\/DIVIDER_gris.jpg\" alt=\"DIVIDER_gris\" \/><\/p>\n<p>30<\/p>\n<p>30<\/p>\n<h3 style=\"color: #e27ea6;\">FAMILIA FLAME RETARDANTS | Colecciones<\/h3>\n<p>Aqu\u00ed mostramos solo una selecci\u00f3n de esta familia Flame retardants. Encontrar\u00e1 todas las colecciones que la componen en nuestro muestrario y en el cat\u00e1logo pdf.<br \/>\nA continuaci\u00f3n, las enumeramos agrupadas por Sample Book.<\/p>\n<p>&nbsp;<\/p>\n<p><b>SAMPLE BOOK 17136_<\/b> ETAM | SAMOA | CAPRI | TEIDE | LONETA UNO | MAGNUS | CARRERA | ROMUL | PIAMONTE<\/p>\n<p>no-repeat;center top;;<\/p>\n","protected":false},"excerpt":{"rendered":"<p>Light diffusers &amp; lampshade materials center no-repeat;center top;; Familia: Flame Retardants Belleza y seguridad. Respondemos a las exigencias del sector Contract con una variedad de originales<span class=\"excerpt-hellip\"> [\u2026]<\/span><\/p>\n","protected":false},"author":3,"featured_media":0,"parent":25,"menu_order":0,"comment_status":"closed","ping_status":"closed","template":"","meta":{"footnotes":""},"class_list":["post-1436","page","type-page","status-publish","hentry"],"_links":{"self":[{"href":"https:\/\/www.gpcmares.com\/fr\/wp-json\/wp\/v2\/pages\/1436","targetHints":{"allow":["GET"]}}],"collection":[{"href":"https:\/\/www.gpcmares.com\/fr\/wp-json\/wp\/v2\/pages"}],"about":[{"href":"https:\/\/www.gpcmares.com\/fr\/wp-json\/wp\/v2\/types\/page"}],"author":[{"embeddable":true,"href":"https:\/\/www.gpcmares.com\/fr\/wp-json\/wp\/v2\/users\/3"}],"replies":[{"embeddable":true,"href":"https:\/\/www.gpcmares.com\/fr\/wp-json\/wp\/v2\/comments?post=1436"}],"version-history":[{"count":0,"href":"https:\/\/www.gpcmares.com\/fr\/wp-json\/wp\/v2\/pages\/1436\/revisions"}],"up":[{"embeddable":true,"href":"https:\/\/www.gpcmares.com\/fr\/wp-json\/wp\/v2\/pages\/25"}],"wp:attachment":[{"href":"https:\/\/www.gpcmares.com\/fr\/wp-json\/wp\/v2\/media?parent=1436"}],"curies":[{"name":"wp","href":"https:\/\/api.w.org\/{rel}","templated":true}]}}