{"id":1450,"date":"2017-05-10T10:34:28","date_gmt":"2017-05-10T10:34:28","guid":{"rendered":"http:\/\/www.gpcmares.com\/fr\/?page_id=1450"},"modified":"2024-10-25T06:53:43","modified_gmt":"2024-10-25T06:53:43","slug":"pourquoi-faisons-difference","status":"publish","type":"page","link":"https:\/\/www.gpcmares.com\/fr\/nous\/pourquoi-faisons-difference\/","title":{"rendered":"Pourquoi nous faisons la diference?"},"content":{"rendered":"<p>center<\/p>\n<p>no-repeat;center top;;<\/p>\n<p><img decoding=\"async\" src=\"http:\/\/www.gpcmares.com\/fr\/wp-content\/uploads\/2017\/05\/gpc-oficinas.jpg\" alt=\"gpc-oficinas\" \/><\/p>\n<p>VOCACI\u00d3N DE SERVICIO Y PROFESIONALIDAD<\/p>\n<h2 style=\"color: #ed7700;\">SERVICIO<\/h2>\n<p>Trabajamos junto a nuestros prescriptores o clientes, escuchando sus necesidades, para encontrar el material ideal en cada proyecto. Proporcionamos las muestras necesarias para prototipos o cat\u00e1logos.<\/p>\n<p>Vendemos en todo el mundo. Con todas las facilidades ling\u00fc\u00edsticas y log\u00edsticas respondemos encantados a nuestros clientes. Hablamos franc\u00e9s, polaco, portugu\u00e9s, espa\u00f1ol, italiano, catal\u00e1n e ingl\u00e9s. Les acompa\u00f1amos en todo el proceso log\u00edstico y tr\u00e1mites de aduana.<\/p>\n<p>Las colecciones de cat\u00e1logo salen de nuestro almac\u00e9n en un plazo de entrega de m\u00e1ximo 7-10 d\u00edas laborables desde el pedido. Dependiendo del destino, env\u00edo gratuito a partir de un cierto volumen de compra. Por favor consultar.<\/p>\n<p>right<\/p>\n<p>no-repeat;center top;;<\/p>\n<p>20px<\/p>\n<p><img decoding=\"async\" src=\"http:\/\/www.gpcmares.com\/fr\/wp-content\/uploads\/2015\/08\/DIVIDER.jpg\" alt=\"DIVIDER\" \/><\/p>\n<h1><b>\u00bfPOR QU\u00c9 DESTACAMOS?<\/b><\/h1>\n<h2 style=\"color: #ed7700;\">DISE\u00d1O Y CALIDAD<\/h2>\n<p>Creamos dise\u00f1os actuales, desarrollamos materiales para pantallas con alto standard de calidad y en una amplia gama de colores, texturas y transparencias.<br \/>\nLa renovaci\u00f3n es constante para aportar ideas frescas y marcar nuevas tendencias.<\/p>\n<p>Creamos vanguardia mano a mano con nuestros clientes de todo el mundo, respondiendo con profesionalidad y fidelidad a su voto de confianza.<br \/>\nNuestra larga experiencia nos avala.<\/p>\n<p>left<\/p>\n<p>no-repeat;center top;;<\/p>\n<p>20px<\/p>\n<p><img decoding=\"async\" src=\"http:\/\/www.gpcmares.com\/fr\/wp-content\/uploads\/2017\/05\/disenoycalidad.jpg\" alt=\"dise\u00f1o y calidad\" \/><\/p>\n<p>FIABILIDAD PARA SUS PROYECTOS<\/p>\n","protected":false},"excerpt":{"rendered":"<p>center no-repeat;center top;; VOCACI\u00d3N DE SERVICIO Y PROFESIONALIDAD SERVICIO Trabajamos junto a nuestros prescriptores o clientes, escuchando sus necesidades, para encontrar el material ideal en cada<span class=\"excerpt-hellip\"> [\u2026]<\/span><\/p>\n","protected":false},"author":3,"featured_media":0,"parent":1440,"menu_order":0,"comment_status":"closed","ping_status":"open","template":"","meta":{"footnotes":""},"class_list":["post-1450","page","type-page","status-publish","hentry"],"_links":{"self":[{"href":"https:\/\/www.gpcmares.com\/fr\/wp-json\/wp\/v2\/pages\/1450","targetHints":{"allow":["GET"]}}],"collection":[{"href":"https:\/\/www.gpcmares.com\/fr\/wp-json\/wp\/v2\/pages"}],"about":[{"href":"https:\/\/www.gpcmares.com\/fr\/wp-json\/wp\/v2\/types\/page"}],"author":[{"embeddable":true,"href":"https:\/\/www.gpcmares.com\/fr\/wp-json\/wp\/v2\/users\/3"}],"replies":[{"embeddable":true,"href":"https:\/\/www.gpcmares.com\/fr\/wp-json\/wp\/v2\/comments?post=1450"}],"version-history":[{"count":0,"href":"https:\/\/www.gpcmares.com\/fr\/wp-json\/wp\/v2\/pages\/1450\/revisions"}],"up":[{"embeddable":true,"href":"https:\/\/www.gpcmares.com\/fr\/wp-json\/wp\/v2\/pages\/1440"}],"wp:attachment":[{"href":"https:\/\/www.gpcmares.com\/fr\/wp-json\/wp\/v2\/media?parent=1450"}],"curies":[{"name":"wp","href":"https:\/\/api.w.org\/{rel}","templated":true}]}}