{"id":1457,"date":"2017-05-10T11:11:24","date_gmt":"2017-05-10T11:11:24","guid":{"rendered":"http:\/\/www.gpcmares.com\/fr\/?page_id=1457"},"modified":"2024-10-25T06:54:25","modified_gmt":"2024-10-25T06:54:25","slug":"cool-smart","status":"publish","type":"page","link":"https:\/\/www.gpcmares.com\/fr\/collections\/cool-smart\/","title":{"rendered":"Cool &#038; Smart"},"content":{"rendered":"<h1 style=\"color: #444444; font-size: 35px;\">Light diffusers &amp; lampshade materials<\/h1>\n<p>center<\/p>\n<p>no-repeat;center top;;<\/p>\n<div style=\"background: #FADC41;\">\n<p><img decoding=\"async\" style=\"width: 20px;\" src=\"http:\/\/www.gpcmares.com\/fr\/wp-content\/uploads\/2017\/05\/lamparita_white.png\" alt=\"\" \/><\/p>\n<h2 style=\"color: #444444;\">Familia: Cool &amp; Smart<\/h2>\n<p style=\"color: #444444;\">Amplia gama de productos modernos, con acabados brillante o mate, en colores de tendencia.<\/p>\n<\/div>\n<a class=\"button grey button_left button_full_width button_size_1 button_06778\" href=\"http:\/\/www.gpcmares.com\/fr\/wp-content\/uploads\/2017\/06\/15-06-17-v2-Cata\u0301logo-Coolsmart.pdf\"     target=\"_blank\"    title=\"\"><span class=\"button_icon\"><i class=\"icon-download\"  aria-hidden=\"true\"><\/i><\/span><span class=\"button_label\">Descargar cat\u00e1logo PDF <b>Cool &amp; smart<\/b><\/span><\/a>\n\n<a class=\"button grey button_left button_full_width button_size_1 button_06778\" href=\"http:\/\/www.gpcmares.com\/fr\/wp-content\/uploads\/2017\/06\/15-06-17-v2-Cata\u0301logo-referencias-Completo.pdf\"     target=\"_blank\"    title=\"\"><span class=\"button_icon\"><i class=\"icon-download\"  aria-hidden=\"true\"><\/i><\/span><span class=\"button_label\">Descargar cat\u00e1logo PDF <b>completo<\/b><\/span><\/a>\n\n<a class=\"button grey button_left button_full_width button_size_1 button_06778\" href=\"http:\/\/www.gpcmares.com\/fr\/solicitar-catalogo-pdfalta\"     target=\"_blank\"    title=\"\"><span class=\"button_icon\"><i class=\"icon-download\"  aria-hidden=\"true\"><\/i><\/span><span class=\"button_label\">Solicitar cat\u00e1logo completo en <b>alta resoluci\u00f3n<\/b><\/span><\/a>\n\n<p>no-repeat;center top;;<\/p>\n<p>collectionbox<\/p>\n<p><img decoding=\"async\" src=\"http:\/\/www.gpcmares.com\/fr\/wp-content\/uploads\/2017\/05\/coolsmart_01.jpg\" alt=\"cool &amp; smart\" \/><\/p>\n<p>400<\/p>\n<p>600<\/p>\n<p><img decoding=\"async\" src=\"http:\/\/www.gpcmares.com\/fr\/wp-content\/uploads\/2017\/05\/coolsmart_02.jpg\" alt=\"cool &amp; smart\" \/><\/p>\n<p>400<\/p>\n<p>600<\/p>\n<p><img decoding=\"async\" src=\"http:\/\/www.gpcmares.com\/fr\/wp-content\/uploads\/2017\/05\/Metallized_04.jpg\" alt=\"Metalized\" \/><\/p>\n<p>400<\/p>\n<p>600<\/p>\n<h2 style=\"font-size: 20px; font-weight: 300;\">COOL &amp; SMART | COLECCIONES DESTACADAS<\/h2>\n<p>center<\/p>\n<p>no-repeat;center top;;<\/p>\n<p><img decoding=\"async\" src=\"http:\/\/www.gpcmares.com\/fr\/wp-content\/uploads\/2017\/05\/coolsmart_muestra01.jpg\" alt=\"LACADO GALES MATT GOLD\" \/><\/p>\n<p>http:\/\/www.gpcmares.com\/fr\/wp-content\/uploads\/2017\/05\/Zoom_coolsmart_muestra01.jpg<\/p>\n<p>LACADO GALES MATT GOLD<\/p>\n<p><img decoding=\"async\" src=\"http:\/\/www.gpcmares.com\/fr\/wp-content\/uploads\/2017\/05\/coolsmart_muestra02.jpg\" alt=\"COLORLUZ\" \/><\/p>\n<p>http:\/\/www.gpcmares.com\/fr\/wp-content\/uploads\/2017\/05\/Zoom_coolsmart_muestra02.jpg<\/p>\n<p>COLORLUZ<\/p>\n<p><img decoding=\"async\" src=\"http:\/\/www.gpcmares.com\/fr\/wp-content\/uploads\/2017\/05\/coolsmart_muestra03.jpg\" alt=\"LACADO MATE\" \/><\/p>\n<p>http:\/\/www.gpcmares.com\/fr\/wp-content\/uploads\/2017\/05\/Zoom_coolsmart_muestra03.jpg<\/p>\n<p>LACADO MATE<\/p>\n<p><img decoding=\"async\" src=\"http:\/\/www.gpcmares.com\/fr\/wp-content\/uploads\/2017\/05\/coolsmart_muestra04.jpg\" alt=\"CERAMIK MATE\" \/><\/p>\n<p>http:\/\/www.gpcmares.com\/fr\/wp-content\/uploads\/2017\/05\/Zoom_coolsmart_muestra04.jpg<\/p>\n<p>CERAMIK MATE<\/p>\n<p><img decoding=\"async\" src=\"http:\/\/www.gpcmares.com\/fr\/wp-content\/uploads\/2017\/05\/bodegonceramik_muestra.jpg\" alt=\"CERAMIK\" \/><\/p>\n<p>http:\/\/www.gpcmares.com\/fr\/wp-content\/uploads\/2017\/05\/bodegonceramik.jpg<\/p>\n<p>CERAMIK<\/p>\n<p><img decoding=\"async\" src=\"http:\/\/www.gpcmares.com\/fr\/wp-content\/uploads\/2017\/05\/DIVIDER_gris.jpg\" alt=\"DIVIDER_gris\" \/><\/p>\n<p>30<\/p>\n<p>30<\/p>\n<h3 style=\"color: #fadc41;\">FAMILIA COOL &amp; SMART | Colecciones<\/h3>\n<p>Aqu\u00ed mostramos solo una selecci\u00f3n de esta familia Cool &amp; Smart. Encontrar\u00e1 todas las colecciones que la componen en nuestro muestrario y en el cat\u00e1logo pdf.<br \/>\nA<br \/>\ncontinuaci\u00f3n, las enumeramos agrupadas por Sample Book.<\/p>\n<p>&nbsp;<\/p>\n<p><b>SAMPLE BOOK 15115_<\/b> MOTNBLANC<\/p>\n<p><b>SAMPLE BOOK 15116_<\/b> PERGACOLOR<\/p>\n<p><b>SAMPLE BOOK 15117_<\/b> CERAMIK<\/p>\n<p><b>SAMPLE BOOK 15118_<\/b> CERAMIK MATE<\/p>\n<p><b>SAMPLE BOOK 15119_<\/b> COLORLUZ | LACADO MATE | DOUBLE SIDE: LACADO &amp; INTERIOR GALES MATT GOLD | DOUBLE SIDE: LACADO BRILLO &amp; INTERIOR GOLD 819 | LACADO | DOUBLE SIDE: LACADO &amp; LACADO<\/p>\n<p>no-repeat;center top;;<\/p>\n","protected":false},"excerpt":{"rendered":"<p>Light diffusers &amp; lampshade materials center no-repeat;center top;; Familia: Cool &amp; Smart Amplia gama de productos modernos, con acabados brillante o mate, en colores de tendencia.<span class=\"excerpt-hellip\"> [\u2026]<\/span><\/p>\n","protected":false},"author":3,"featured_media":0,"parent":25,"menu_order":0,"comment_status":"closed","ping_status":"closed","template":"","meta":{"footnotes":""},"class_list":["post-1457","page","type-page","status-publish","hentry"],"_links":{"self":[{"href":"https:\/\/www.gpcmares.com\/fr\/wp-json\/wp\/v2\/pages\/1457","targetHints":{"allow":["GET"]}}],"collection":[{"href":"https:\/\/www.gpcmares.com\/fr\/wp-json\/wp\/v2\/pages"}],"about":[{"href":"https:\/\/www.gpcmares.com\/fr\/wp-json\/wp\/v2\/types\/page"}],"author":[{"embeddable":true,"href":"https:\/\/www.gpcmares.com\/fr\/wp-json\/wp\/v2\/users\/3"}],"replies":[{"embeddable":true,"href":"https:\/\/www.gpcmares.com\/fr\/wp-json\/wp\/v2\/comments?post=1457"}],"version-history":[{"count":0,"href":"https:\/\/www.gpcmares.com\/fr\/wp-json\/wp\/v2\/pages\/1457\/revisions"}],"up":[{"embeddable":true,"href":"https:\/\/www.gpcmares.com\/fr\/wp-json\/wp\/v2\/pages\/25"}],"wp:attachment":[{"href":"https:\/\/www.gpcmares.com\/fr\/wp-json\/wp\/v2\/media?parent=1457"}],"curies":[{"name":"wp","href":"https:\/\/api.w.org\/{rel}","templated":true}]}}