{"id":1627,"date":"2017-05-15T06:49:04","date_gmt":"2017-05-15T06:49:04","guid":{"rendered":"http:\/\/www.gpcmares.com\/fr\/?page_id=1627"},"modified":"2024-10-25T06:54:20","modified_gmt":"2024-10-25T06:54:20","slug":"way-of-linen","status":"publish","type":"page","link":"https:\/\/www.gpcmares.com\/fr\/collections\/way-of-linen\/","title":{"rendered":"In the way of linen"},"content":{"rendered":"<h1 style=\"color: #444444; font-size: 35px;\">Light diffusers &amp; lampshade materials<\/h1>\n<p>center<\/p>\n<p>no-repeat;center top;;<\/p>\n<div style=\"background: #A8B400;\">\n<p><img decoding=\"async\" style=\"width: 20px;\" src=\"http:\/\/www.gpcmares.com\/fr\/wp-content\/uploads\/2017\/05\/lamparita_white.png\" alt=\"\" \/><\/p>\n<h2 style=\"color: #ffffff;\">Familia: In the way of linen<\/h2>\n<p style=\"color: #ffffff;\">Desde el Lino 100% a otras composiciones. Una amplia selecci\u00f3n de texturas, siempre en la l\u00ednea elegante del lino.<\/p>\n<\/div>\n<a class=\"button grey button_left button_full_width button_size_1 button_06778\" href=\"http:\/\/www.gpcmares.com\/fr\/wp-content\/uploads\/2017\/06\/15-06-17-v2-Cata\u0301logo-Inthewayoflinen.pdf\"     target=\"_blank\"    title=\"\"><span class=\"button_icon\"><i class=\"icon-download\"  aria-hidden=\"true\"><\/i><\/span><span class=\"button_label\">Descargar cat\u00e1logo PDF <b>In the way of linen<\/b><\/span><\/a>\n\n<a class=\"button grey button_left button_full_width button_size_1 button_06778\" href=\"http:\/\/www.gpcmares.com\/fr\/wp-content\/uploads\/2017\/06\/15-06-17-v2-Cata\u0301logo-referencias-Completo.pdf\"     target=\"_blank\"    title=\"\"><span class=\"button_icon\"><i class=\"icon-download\"  aria-hidden=\"true\"><\/i><\/span><span class=\"button_label\">Descargar cat\u00e1logo PDF <b>completo<\/b><\/span><\/a>\n\n<a class=\"button grey button_left button_full_width button_size_1 button_06778\" href=\"http:\/\/www.gpcmares.com\/fr\/solicitar-catalogo-pdfalta\"     target=\"_blank\"    title=\"\"><span class=\"button_icon\"><i class=\"icon-download\"  aria-hidden=\"true\"><\/i><\/span><span class=\"button_label\">Solicitar cat\u00e1logo completo en <b>alta resoluci\u00f3n<\/b><\/span><\/a>\n\n<p>no-repeat;center top;;<\/p>\n<p>collectionbox<\/p>\n<p><img decoding=\"async\" src=\"http:\/\/www.gpcmares.com\/fr\/wp-content\/uploads\/2017\/05\/linen_01.jpg\" alt=\"In the way of linen\" \/><\/p>\n<p>400<\/p>\n<p>600<\/p>\n<p><img decoding=\"async\" src=\"http:\/\/www.gpcmares.com\/fr\/wp-content\/uploads\/2017\/05\/linen_02.jpg\" alt=\"In the way of linen\" \/><\/p>\n<p>400<\/p>\n<p>600<\/p>\n<h2 style=\"font-size: 20px; font-weight: 300;\">IN THE WAY OF LINEN | COLECCIONES DESTACADAS<\/h2>\n<p>center<\/p>\n<p>no-repeat;center top;;<\/p>\n<p><img decoding=\"async\" src=\"http:\/\/www.gpcmares.com\/fr\/wp-content\/uploads\/2017\/05\/linen_muestra01.jpg\" alt=\"linen_muestra01\" \/><\/p>\n<p>http:\/\/www.gpcmares.com\/fr\/wp-content\/uploads\/2017\/05\/Zoom_linen_muestra01.jpg<\/p>\n<p>LINOX B\u00c1SICO<\/p>\n<p><img decoding=\"async\" src=\"http:\/\/www.gpcmares.com\/fr\/wp-content\/uploads\/2017\/05\/linen_muestra02.jpg\" alt=\"linen_muestra02\" \/><\/p>\n<p>http:\/\/www.gpcmares.com\/fr\/wp-content\/uploads\/2017\/05\/Zoom_linen_muestra02.jpg<\/p>\n<p>LINO-100<\/p>\n<p><img decoding=\"async\" src=\"http:\/\/www.gpcmares.com\/fr\/wp-content\/uploads\/2017\/05\/linen_muestra03.jpg\" alt=\"linen_muestra03\" \/><\/p>\n<p>http:\/\/www.gpcmares.com\/fr\/wp-content\/uploads\/2017\/05\/Zoom_linen_muestra03.jpg<\/p>\n<p>AIRE<\/p>\n<p><img decoding=\"async\" src=\"http:\/\/www.gpcmares.com\/fr\/wp-content\/uploads\/2017\/05\/linen_muestra04.jpg\" alt=\"linen_muestra04\" \/><\/p>\n<p>http:\/\/www.gpcmares.com\/fr\/wp-content\/uploads\/2017\/05\/Zoom_linen_muestra04.jpg<\/p>\n<p>TROYA<\/p>\n<p><img decoding=\"async\" src=\"http:\/\/www.gpcmares.com\/fr\/wp-content\/uploads\/2017\/05\/bodegonlino.jpg\" alt=\"bodegonlino\" \/><\/p>\n<p>http:\/\/www.gpcmares.com\/fr\/wp-content\/uploads\/2017\/05\/400x600_linen2_zoom-1.jpg<\/p>\n<p>SARDO<\/p>\n<p><img decoding=\"async\" src=\"http:\/\/www.gpcmares.com\/fr\/wp-content\/uploads\/2017\/05\/linen_muestra05.jpg\" alt=\"KABUL\" \/><\/p>\n<p>http:\/\/www.gpcmares.com\/fr\/wp-content\/uploads\/2017\/05\/Zoom_linen_muestra05.jpg<\/p>\n<p>KABUL<\/p>\n<p><img decoding=\"async\" src=\"http:\/\/www.gpcmares.com\/fr\/wp-content\/uploads\/2017\/05\/linen_muestra06.jpg\" alt=\"CUBA\" \/><\/p>\n<p>http:\/\/www.gpcmares.com\/fr\/wp-content\/uploads\/2017\/05\/Zoom_linen_muestra06.jpg<\/p>\n<p>CUBA<\/p>\n<p><img decoding=\"async\" src=\"http:\/\/www.gpcmares.com\/fr\/wp-content\/uploads\/2017\/05\/DIVIDER_gris.jpg\" alt=\"DIVIDER_gris\" \/><\/p>\n<p>30<\/p>\n<p>30<\/p>\n<h3 style=\"color: #a8b400;\">FAMILIA IN THE WAY OF LINEN | Colecciones<\/h3>\n<p>Aqu\u00ed mostramos solo una selecci\u00f3n de esta familia In the way of linen. Encontrar\u00e1 todas las colecciones que la componen en nuestro muestrario y en el cat\u00e1logo pdf.<br \/>\nA continuaci\u00f3n, las enumeramos agrupadas por Sample Book.<\/p>\n<p>&nbsp;<\/p>\n<p><b>SAMPLE BOOK 15111_<\/b> TROYA | AIRE | CUBA | DREAMS | TEVASCA<\/p>\n<p><b>SAMPLE BOOK 15112_<\/b> LINO-100 | EPOQUE | POLIN | SARDO | LINOX B\u00c1SICO | SVEL LINO | KABUL\/ OSAKA<\/p>\n<p>no-repeat;center top;;<\/p>\n","protected":false},"excerpt":{"rendered":"<p>Light diffusers &amp; lampshade materials center no-repeat;center top;; Familia: In the way of linen Desde el Lino 100% a otras composiciones. Una amplia selecci\u00f3n de texturas,<span class=\"excerpt-hellip\"> [\u2026]<\/span><\/p>\n","protected":false},"author":3,"featured_media":0,"parent":25,"menu_order":0,"comment_status":"closed","ping_status":"closed","template":"","meta":{"footnotes":""},"class_list":["post-1627","page","type-page","status-publish","hentry"],"_links":{"self":[{"href":"https:\/\/www.gpcmares.com\/fr\/wp-json\/wp\/v2\/pages\/1627","targetHints":{"allow":["GET"]}}],"collection":[{"href":"https:\/\/www.gpcmares.com\/fr\/wp-json\/wp\/v2\/pages"}],"about":[{"href":"https:\/\/www.gpcmares.com\/fr\/wp-json\/wp\/v2\/types\/page"}],"author":[{"embeddable":true,"href":"https:\/\/www.gpcmares.com\/fr\/wp-json\/wp\/v2\/users\/3"}],"replies":[{"embeddable":true,"href":"https:\/\/www.gpcmares.com\/fr\/wp-json\/wp\/v2\/comments?post=1627"}],"version-history":[{"count":0,"href":"https:\/\/www.gpcmares.com\/fr\/wp-json\/wp\/v2\/pages\/1627\/revisions"}],"up":[{"embeddable":true,"href":"https:\/\/www.gpcmares.com\/fr\/wp-json\/wp\/v2\/pages\/25"}],"wp:attachment":[{"href":"https:\/\/www.gpcmares.com\/fr\/wp-json\/wp\/v2\/media?parent=1627"}],"curies":[{"name":"wp","href":"https:\/\/api.w.org\/{rel}","templated":true}]}}