{"id":25,"date":"2015-08-11T10:16:42","date_gmt":"2015-08-11T10:16:42","guid":{"rendered":"http:\/\/themes.muffingroup.com\/be\/decor\/?page_id=25"},"modified":"2024-02-21T11:22:09","modified_gmt":"2024-02-21T09:22:09","slug":"collections","status":"publish","type":"page","link":"https:\/\/www.gpcmares.com\/fr\/collections\/","title":{"rendered":"Collections"},"content":{"rendered":"<p>Heading<\/p>\n<h1 style=\"color: #ed7700; font-size: 45px; font-weight: 300; margin: auto -35px;\">D\u00c9COUVREZ NOS COLLECTIONS<\/h1>\n<p>&nbsp;<\/p>\n<h2 style=\"color: #444444; font-size: 25px; font-weight: 300;\">Un univers de textures et de couleurs sur mesure<\/h2>\n<p>center<\/p>\n<p>#ffffff<\/p>\n<p>no-repeat;center top;;<\/p>\n<p><img decoding=\"async\" src=\"http:\/\/www.gpcmares.com\/fr\/wp-content\/uploads\/2016\/10\/TopDesign_3.jpg\" alt=\"Top Design\" \/><\/p>\n<p>TOP DESIGN<\/p>\n<p><a href=\"http:\/\/www.gpcmares.com\/fr\/colecciones\/top-design\/\">http:\/\/www.gpcmares.com\/fr\/colecciones\/top-design\/<\/a><\/p>\n<p>color-DE3831<\/p>\n<p style=\"font-size: 14px; color: #444444;\">Grand choix de produits sophistiqu\u00e9s de moyenne et haute gamme pour ajouter de la valeur \u00e0 vos projets d\u2019\u00e9clairage.<\/p>\n<p>no-repeat;center top;;<\/p>\n<p><img decoding=\"async\" src=\"http:\/\/www.gpcmares.com\/fr\/wp-content\/uploads\/2015\/08\/colecciones_intaglio.jpg\" alt=\"colecciones_intaglio\" \/><\/p>\n<p>INTAGLIO<\/p>\n<p><a href=\"http:\/\/www.gpcmares.com\/fr\/colecciones\/intaglio\">http:\/\/www.gpcmares.com\/fr\/colecciones\/intaglio<\/a><\/p>\n<p>color-824BB0<\/p>\n<p style=\"font-size: 14px; color: #444444;\">Une collection unique de transparences magnifiques et d\u00e9licates et aux effets relief pour apporter de la force visuelle \u00e0 votre produit.<\/p>\n<p>no-repeat;center top;;<\/p>\n<p><img decoding=\"async\" src=\"http:\/\/www.gpcmares.com\/fr\/wp-content\/uploads\/2017\/05\/Metallized_04.jpg\" alt=\"Metalized\" \/><\/p>\n<p>METALIZED<\/p>\n<p><a href=\"http:\/\/www.gpcmares.com\/fr\/colecciones\/metalized\">http:\/\/www.gpcmares.com\/fr\/colecciones\/metalized<\/a><\/p>\n<p>color-C5B9E3<\/p>\n<p style=\"font-size: 14px; color: #444444;\">Des collections impressionnantes de mat\u00e9riaux m\u00e9tallis\u00e9s qui apportent de la luminosit\u00e9 et une touche tr\u00e8s personnelle \u00e0 chaque ambiance. Or ou argent ? Mat ou brillant ? \u00c0 vous de choisir !<\/p>\n<p>no-repeat;center top;;<\/p>\n<p><img decoding=\"async\" src=\"http:\/\/www.gpcmares.com\/fr\/wp-content\/uploads\/2015\/08\/colecciones_pleated.jpg\" alt=\"colecciones_pleated\" \/><\/p>\n<p>PLEATED<\/p>\n<p><a href=\"http:\/\/www.gpcmares.com\/fr\/colecciones\/pleated\">http:\/\/www.gpcmares.com\/fr\/colecciones\/pleated<\/a><\/p>\n<p>color-EC7A08<\/p>\n<p style=\"font-size: 14px; color: #444444;\">Mat\u00e9riaux pliss\u00e9s avec un vaste choix de couleurs, transparences et textures.<\/p>\n<p>no-repeat;center top;;<\/p>\n<p><img decoding=\"async\" src=\"http:\/\/www.gpcmares.com\/fr\/wp-content\/uploads\/2015\/08\/colecciones_retardants.jpg\" alt=\"colecciones_retardants\" \/><\/p>\n<p>FLAME RETARDANTS<\/p>\n<p><a href=\"http:\/\/www.gpcmares.com\/fr\/colecciones\/flame-retardants\">http:\/\/www.gpcmares.com\/fr\/colecciones\/flame-retardants<\/a><\/p>\n<p>color-E27EA6<\/p>\n<p style=\"font-size: 14px; color: #444444;\">Beaut\u00e9 et s\u00e9curit\u00e9. Nous suivons les exigences du secteur Contract avec des collections de tissus retardateurs de flammes sur support \u00e9galement \u00e0 l\u2019\u00e9preuve du feu.<\/p>\n<p>no-repeat;center top;;<\/p>\n<p><img decoding=\"async\" src=\"http:\/\/www.gpcmares.com\/fr\/wp-content\/uploads\/2015\/08\/colecciones_ribbons.jpg\" alt=\"colecciones_ribbons\" \/><\/p>\n<p>RIBBONS<\/p>\n<p><a href=\"http:\/\/www.gpcmares.com\/fr\/colecciones\/ribbons\">http:\/\/www.gpcmares.com\/fr\/colecciones\/ribbons<\/a><\/p>\n<p>color-4F4C25<\/p>\n<p style=\"font-size: 14px; color: #444444;\">S\u00e9lection de rubans en tissu pour les abat-jours enrubann\u00e9s toujours styl\u00e9s.<\/p>\n<p>no-repeat;center top;;<\/p>\n<p><img decoding=\"async\" src=\"http:\/\/www.gpcmares.com\/fr\/wp-content\/uploads\/2015\/08\/colecciones_coolsmart.jpg\" alt=\"colecciones_coolsmart\" \/><\/p>\n<p>COOL &amp; SMART<\/p>\n<p><a href=\"http:\/\/www.gpcmares.com\/fr\/colecciones\/cool-smart\">http:\/\/www.gpcmares.com\/fr\/colecciones\/cool-smart<\/a><\/p>\n<p>color-FADC41<\/p>\n<p style=\"font-size: 14px; color: #444444;\">Une vaste gamme de produits modernes, avec des finitions brillantes ou mates, et couleurs tendance.<\/p>\n<p>no-repeat;center top;;<\/p>\n<p><img decoding=\"async\" src=\"http:\/\/www.gpcmares.com\/fr\/wp-content\/uploads\/2015\/08\/colecciones_basics.jpg\" alt=\"colecciones_basics\" \/><\/p>\n<p>THE BASICS<\/p>\n<p><a href=\"http:\/\/www.gpcmares.com\/fr\/colecciones\/basics\">http:\/\/www.gpcmares.com\/fr\/colecciones\/basics<\/a><\/p>\n<p>color-006778<\/p>\n<p style=\"font-size: 14px; color: #444444;\">Famille compos\u00e9e par les tissus Cotonet et Arenal. Nous proposons d\u2019infinies possibilit\u00e9s et combinaisons. Toutes avec des r\u00e9sultats spectaculaires.<\/p>\n<p>no-repeat;center top;;<\/p>\n<p><img decoding=\"async\" src=\"http:\/\/www.gpcmares.com\/fr\/wp-content\/uploads\/2015\/08\/colecciones_inthewayoflinen.jpg\" alt=\"colecciones_inthewayoflinen\" \/><\/p>\n<p>IN THE WAY OF LINEN<\/p>\n<p><a href=\"http:\/\/www.gpcmares.com\/fr\/colecciones\/way-of-linen\">http:\/\/www.gpcmares.com\/fr\/colecciones\/way-of-linen<\/a><\/p>\n<p>color-A8B400<\/p>\n<p style=\"font-size: 14px; color: #444444;\">Du Lin 100% \u00e0 d\u2019autres compositions. S\u00e9lection d\u2019\u00e9l\u00e9gantes couleurs et textures cr\u00e9\u00e9es \u00e0 partir de cet excellent mat\u00e9riel.<\/p>\n<p>no-repeat;center top;;<\/p>\n<p><img decoding=\"async\" src=\"http:\/\/www.gpcmares.com\/fr\/wp-content\/uploads\/2015\/08\/colecciones_parchments.jpg\" alt=\"colecciones_parchments\" \/><\/p>\n<p>PARCHMENTS<\/p>\n<p><a href=\"http:\/\/www.gpcmares.com\/fr\/colecciones\/parchments\">http:\/\/www.gpcmares.com\/fr\/colecciones\/parchments<\/a><\/p>\n<p>color-0B2265<\/p>\n<p style=\"font-size: 14px; color: #444444;\">Nous sommes pionniers. Collections exclusives dans une qualit\u00e9 in\u00e9galable et vaste choix de couleurs, textures et transparences.<\/p>\n<p>no-repeat;center top;;<\/p>\n<p><img decoding=\"async\" src=\"http:\/\/www.gpcmares.com\/fr\/wp-content\/uploads\/2015\/08\/colecciones_justfilms-1.jpg\" alt=\"colecciones_justfilms\" \/><\/p>\n<p>JUST FILMS<\/p>\n<p><a href=\"http:\/\/www.gpcmares.com\/fr\/colecciones\/just-films\">http:\/\/www.gpcmares.com\/fr\/colecciones\/just-films<\/a><\/p>\n<p>color-00C6D7<\/p>\n<p style=\"font-size: 14px; color: #444444;\">Besoin de lumi\u00e8re directe ou indirecte ? Grand ou petit abat-jour ? Renseignez-vous sur nos supports, nous disposons de celui qui s\u2019ajuste \u00e0 vos besoins.<\/p>\n<p>no-repeat;center top;;<\/p>\n<p><img decoding=\"async\" src=\"http:\/\/www.gpcmares.com\/fr\/wp-content\/uploads\/2015\/08\/colecciones_complementos.jpg\" alt=\"colecciones_complementos\" \/><\/p>\n<p>COMPLEMENTOS<\/p>\n<p><a href=\"http:\/\/www.gpcmares.com\/fr\/colecciones\/complementos\">http:\/\/www.gpcmares.com\/fr\/colecciones\/complementos<\/a><\/p>\n<p>color-363534<\/p>\n<p style=\"font-size: 14px; color: #444444;\">Le monde des abat-jours<\/p>\n<p>no-repeat;center top;;<\/p>\n","protected":false},"excerpt":{"rendered":"<p>Heading D\u00c9COUVREZ NOS COLLECTIONS &nbsp; Un univers de textures et de couleurs sur mesure center #ffffff no-repeat;center top;; TOP DESIGN http:\/\/www.gpcmares.com\/fr\/colecciones\/top-design\/ color-DE3831 Grand choix de produits<span class=\"excerpt-hellip\"> [\u2026]<\/span><\/p>\n","protected":false},"author":3,"featured_media":0,"parent":0,"menu_order":0,"comment_status":"closed","ping_status":"open","template":"","meta":{"footnotes":""},"class_list":["post-25","page","type-page","status-publish","hentry"],"_links":{"self":[{"href":"https:\/\/www.gpcmares.com\/fr\/wp-json\/wp\/v2\/pages\/25","targetHints":{"allow":["GET"]}}],"collection":[{"href":"https:\/\/www.gpcmares.com\/fr\/wp-json\/wp\/v2\/pages"}],"about":[{"href":"https:\/\/www.gpcmares.com\/fr\/wp-json\/wp\/v2\/types\/page"}],"author":[{"embeddable":true,"href":"https:\/\/www.gpcmares.com\/fr\/wp-json\/wp\/v2\/users\/3"}],"replies":[{"embeddable":true,"href":"https:\/\/www.gpcmares.com\/fr\/wp-json\/wp\/v2\/comments?post=25"}],"version-history":[{"count":0,"href":"https:\/\/www.gpcmares.com\/fr\/wp-json\/wp\/v2\/pages\/25\/revisions"}],"wp:attachment":[{"href":"https:\/\/www.gpcmares.com\/fr\/wp-json\/wp\/v2\/media?parent=25"}],"curies":[{"name":"wp","href":"https:\/\/api.w.org\/{rel}","templated":true}]}}