{"id":27,"date":"2015-08-11T10:16:59","date_gmt":"2015-08-11T10:16:59","guid":{"rendered":"http:\/\/themes.muffingroup.com\/be\/decor\/?page_id=27"},"modified":"2024-10-25T06:53:39","modified_gmt":"2024-10-25T06:53:39","slug":"histoire-equipe","status":"publish","type":"page","link":"https:\/\/www.gpcmares.com\/fr\/nous\/histoire-equipe\/","title":{"rendered":"Histoire et \u00c9quipe"},"content":{"rendered":"<p>center<\/p>\n<p>no-repeat;center top;;<\/p>\n<h2 style=\"color: #ed7700;\">NUESTRA HISTORIA<\/h2>\n<p>Hace m\u00e1s de 40 a\u00f1os nuestros padres se dieron cuenta de que los materiales con los que so\u00f1aban no exist\u00edan, as\u00ed que los crearon. Desde entonces trabajamos con la vocaci\u00f3n de vestir la luz y crear ambientes en todo el mundo. Porque la luz perfecta no puede tener barreras.<br \/>\nGPC mares es una empresa familiar, creada en 1983 y heredera de una gran tradici\u00f3n.<\/p>\n<p>Nuestro oficio es el dise\u00f1o y fabricaci\u00f3n de materiales laminados para pantallas de iluminaci\u00f3n y difusores de luz. Nuestra experiencia junto con el uso de nuevas tecnolog\u00edas y las mejores materias primas hacen que nuestras colecciones destaquen por su alta calidad y originalidad.<\/p>\n<p><b>Los detalles marcan la diferencia y en GPC mares lo sabemos.<\/b><\/p>\n<p>left<\/p>\n<p>no-repeat;center top;;<\/p>\n<p>20px<\/p>\n<p><img decoding=\"async\" src=\"http:\/\/www.gpcmares.com\/fr\/wp-content\/uploads\/2017\/05\/gpc_nuestrosorigenes.jpg\" alt=\"gpc_nuestrosorigenes\" \/><\/p>\n<p>NUESTROS OR\u00cdGENES<\/p>\n<p><img decoding=\"async\" src=\"http:\/\/www.gpcmares.com\/fr\/wp-content\/uploads\/2015\/08\/DIVIDER.jpg\" alt=\"DIVIDER\" \/><\/p>\n<p><img decoding=\"async\" src=\"http:\/\/www.gpcmares.com\/fr\/wp-content\/uploads\/2015\/08\/nuestro_equipo.jpg\" alt=\"nuestro_equipo\" \/><\/p>\n<p>A TU LADO CON ENTUSIASMO<\/p>\n<h2 style=\"color: #ed7700;\">NUESTRO EQUIPO<\/h2>\n<p>El entusiasmo por nuestro trabajo nos distingue.<br \/>\nSomos un equipo consolidado de profesionales con experiencia y saber hacer. D\u00eda a d\u00eda convertimos en realidad la creatividad de nuestros prescriptores y las necesidades de nuestros clientes.<\/p>\n<p>Nos complace acompa\u00f1aros y facilitaros todo el proceso de elecci\u00f3n y suministro del material para vuestras pantallas de l\u00e1mparas y difusores de luz.<br \/>\nNos gusta nuestra empresa y nuestro trabajo. Por esto nos hace felices seguir a vuestro lado.<\/p>\n<p>right<\/p>\n<p>no-repeat;center top;;<\/p>\n<p>20px<\/p>\n","protected":false},"excerpt":{"rendered":"<p>center no-repeat;center top;; NUESTRA HISTORIA Hace m\u00e1s de 40 a\u00f1os nuestros padres se dieron cuenta de que los materiales con los que so\u00f1aban no exist\u00edan, as\u00ed<span class=\"excerpt-hellip\"> [\u2026]<\/span><\/p>\n","protected":false},"author":3,"featured_media":0,"parent":1440,"menu_order":0,"comment_status":"closed","ping_status":"open","template":"","meta":{"footnotes":""},"class_list":["post-27","page","type-page","status-publish","hentry"],"_links":{"self":[{"href":"https:\/\/www.gpcmares.com\/fr\/wp-json\/wp\/v2\/pages\/27","targetHints":{"allow":["GET"]}}],"collection":[{"href":"https:\/\/www.gpcmares.com\/fr\/wp-json\/wp\/v2\/pages"}],"about":[{"href":"https:\/\/www.gpcmares.com\/fr\/wp-json\/wp\/v2\/types\/page"}],"author":[{"embeddable":true,"href":"https:\/\/www.gpcmares.com\/fr\/wp-json\/wp\/v2\/users\/3"}],"replies":[{"embeddable":true,"href":"https:\/\/www.gpcmares.com\/fr\/wp-json\/wp\/v2\/comments?post=27"}],"version-history":[{"count":0,"href":"https:\/\/www.gpcmares.com\/fr\/wp-json\/wp\/v2\/pages\/27\/revisions"}],"up":[{"embeddable":true,"href":"https:\/\/www.gpcmares.com\/fr\/wp-json\/wp\/v2\/pages\/1440"}],"wp:attachment":[{"href":"https:\/\/www.gpcmares.com\/fr\/wp-json\/wp\/v2\/media?parent=27"}],"curies":[{"name":"wp","href":"https:\/\/api.w.org\/{rel}","templated":true}]}}