{"id":384,"date":"2016-10-18T07:04:17","date_gmt":"2016-10-18T07:04:17","guid":{"rendered":"http:\/\/www.gpcmares.com\/fr\/?page_id=384"},"modified":"2024-10-25T06:49:11","modified_gmt":"2024-10-25T06:49:11","slug":"top-design","status":"publish","type":"page","link":"https:\/\/www.gpcmares.com\/fr\/collections\/top-design\/","title":{"rendered":"Top design"},"content":{"rendered":"<h1 style=\"color: #444444; font-size: 35px;\">Light diffusers &amp; lampshade materials<\/h1>\n<p>center<\/p>\n<p>no-repeat;center top;;<\/p>\n<div style=\"background: #cc0000;\">\n<p><img decoding=\"async\" style=\"width: 20px;\" src=\"http:\/\/www.gpcmares.com\/fr\/wp-content\/uploads\/2017\/05\/lamparita_white.png\" alt=\"\" \/><\/p>\n<h2>Familia: Top design<\/h2>\n<p>Sofisticados materiales de media y alta gama para a\u00f1adir valor a tus proyectos de iluminaci\u00f3n. Por su variedad y excepcionalidad constituyen una gama \u00fanica en el mercado.<\/p>\n<\/div>\n<a class=\"button grey button_left button_full_width button_size_1 button_06778\" href=\"http:\/\/www.gpcmares.com\/fr\/wp-content\/uploads\/2017\/06\/15-06-17-v2-Cata\u0301logo-Top-Design.pdf\"     target=\"_blank\"    title=\"\"><span class=\"button_icon\"><i class=\"icon-download\"  aria-hidden=\"true\"><\/i><\/span><span class=\"button_label\">Descargar cat\u00e1logo PDF <b>Top Design<\/b><\/span><\/a>\n\n<a class=\"button grey button_left button_full_width button_size_1 button_06778\" href=\"http:\/\/www.gpcmares.com\/fr\/wp-content\/uploads\/2017\/06\/15-06-17-v2-Cata\u0301logo-referencias-Completo.pdf\"     target=\"_blank\"    title=\"\"><span class=\"button_icon\"><i class=\"icon-download\"  aria-hidden=\"true\"><\/i><\/span><span class=\"button_label\">Descargar cat\u00e1logo PDF <b>completo<\/b><\/span><\/a>\n\n<a class=\"button grey button_left button_full_width button_size_1 button_06778\" href=\"http:\/\/www.gpcmares.com\/fr\/solicitar-catalogo-pdfalta\"     target=\"_blank\"    title=\"\"><span class=\"button_icon\"><i class=\"icon-download\"  aria-hidden=\"true\"><\/i><\/span><span class=\"button_label\">Solicitar cat\u00e1logo completo en <b>alta resoluci\u00f3n<\/b><\/span><\/a>\n\n<p>no-repeat;center top;;<\/p>\n<p>collectionbox<\/p>\n<p><img decoding=\"async\" src=\"http:\/\/www.gpcmares.com\/fr\/wp-content\/uploads\/2016\/10\/TopDesign_3.jpg\" alt=\"Top Design\" \/><\/p>\n<p>400<\/p>\n<p>400<\/p>\n<p><img decoding=\"async\" src=\"http:\/\/www.gpcmares.com\/fr\/wp-content\/uploads\/2016\/10\/TopDesign_1.jpg\" alt=\"Top Design\" \/><\/p>\n<p>400<\/p>\n<p>400<\/p>\n<h2 style=\"font-size: 20px; font-weight: 300;\">TOP DESIGN | COLECCIONES DESTACADAS<\/h2>\n<p>center<\/p>\n<p>no-repeat;center top;;<\/p>\n<p><img decoding=\"async\" src=\"http:\/\/www.gpcmares.com\/fr\/wp-content\/uploads\/2017\/05\/topdesign_muestra07.jpg\" alt=\"Seda salvaje\" \/><\/p>\n<p>http:\/\/www.gpcmares.com\/fr\/wp-content\/uploads\/2017\/05\/Zoom_topdesign_muestra07.jpg<\/p>\n<p>SEDA SALVAJE<\/p>\n<p><img decoding=\"async\" src=\"http:\/\/www.gpcmares.com\/fr\/wp-content\/uploads\/2016\/10\/topdesign_muestra08.jpg\" alt=\"ELNA GOLD\" \/><\/p>\n<p>http:\/\/www.gpcmares.com\/fr\/wp-content\/uploads\/2016\/10\/Zoom_topdesign_muestra08.jpg<\/p>\n<p>ELNA GOLD<\/p>\n<p><img decoding=\"async\" src=\"http:\/\/www.gpcmares.com\/fr\/wp-content\/uploads\/2016\/10\/topdesign_muestra09.jpg\" alt=\"Metalix\" \/><\/p>\n<p>http:\/\/www.gpcmares.com\/fr\/wp-content\/uploads\/2016\/10\/Zoom_topdesign_muestra09.jpg<\/p>\n<p>METALIX<\/p>\n<p><img decoding=\"async\" src=\"http:\/\/www.gpcmares.com\/fr\/wp-content\/uploads\/2016\/10\/topdesign_muestra10.jpg\" alt=\"ARROW\" \/><\/p>\n<p>http:\/\/www.gpcmares.com\/fr\/wp-content\/uploads\/2016\/10\/Zoom_topdesign_muestra10.jpg<\/p>\n<p>ARROW<\/p>\n<p><img decoding=\"async\" src=\"http:\/\/www.gpcmares.com\/fr\/wp-content\/uploads\/2016\/10\/topdesign_muestra11.jpg\" alt=\"ARANA\" \/><\/p>\n<p>http:\/\/www.gpcmares.com\/fr\/wp-content\/uploads\/2016\/10\/Zoom_topdesign_muestra11.jpg<\/p>\n<p>ARANA<\/p>\n<p><img decoding=\"async\" src=\"http:\/\/www.gpcmares.com\/fr\/wp-content\/uploads\/2016\/10\/topdesign_muestra12.jpg\" alt=\"LINASSI\" \/><\/p>\n<p>http:\/\/www.gpcmares.com\/fr\/wp-content\/uploads\/2016\/10\/Zoom_topdesign_muestra12.jpg<\/p>\n<p>LINASSI<\/p>\n<p><img decoding=\"async\" src=\"http:\/\/www.gpcmares.com\/fr\/wp-content\/uploads\/2016\/10\/topdesign_muestra13.jpg\" alt=\"ASCOT\" \/><\/p>\n<p>http:\/\/www.gpcmares.com\/fr\/wp-content\/uploads\/2016\/10\/Zoom_topdesign_muestra13.jpg<\/p>\n<p>ASCOT<\/p>\n<p><img decoding=\"async\" src=\"http:\/\/www.gpcmares.com\/fr\/wp-content\/uploads\/2017\/05\/topdesign_muestra01.jpg\" alt=\"LEOPARD INT. GLASGOW GOLD\" \/><\/p>\n<p>http:\/\/www.gpcmares.com\/fr\/wp-content\/uploads\/2016\/10\/Zoom_topdesign_muestra01.jpg<\/p>\n<p>LEOPARD &amp; INT. GLASGOW GOLD<\/p>\n<p><img decoding=\"async\" src=\"http:\/\/www.gpcmares.com\/fr\/wp-content\/uploads\/2017\/05\/topdesign_muestra04.jpg\" alt=\"ARENAL &amp; INT. ARROW\" \/><\/p>\n<p>http:\/\/www.gpcmares.com\/fr\/wp-content\/uploads\/2016\/10\/Zoom_topdesign_muestra04.jpg<\/p>\n<p>ARENAL &amp; INT. ARROW<\/p>\n<p><img decoding=\"async\" src=\"http:\/\/www.gpcmares.com\/fr\/wp-content\/uploads\/2017\/05\/topdesign_muestra03.jpg\" alt=\"DAMAS &amp; INT. GLASGOW\" \/><\/p>\n<p>http:\/\/www.gpcmares.com\/fr\/wp-content\/uploads\/2016\/10\/Zoom_topdesign_muestra03.jpg<\/p>\n<p>DAMAS &amp; INT. GLASGOW GOLD<\/p>\n<p><img decoding=\"async\" src=\"http:\/\/www.gpcmares.com\/fr\/wp-content\/uploads\/2017\/05\/topdesign_muestra06.jpg\" alt=\"PEARL\" \/><\/p>\n<p>http:\/\/www.gpcmares.com\/fr\/wp-content\/uploads\/2016\/10\/Zoom_topdesign_muestra06.jpg<\/p>\n<p>PEARL<\/p>\n<p><img decoding=\"async\" src=\"http:\/\/www.gpcmares.com\/fr\/wp-content\/uploads\/2017\/05\/DIVIDER_gris.jpg\" alt=\"DIVIDER_gris\" \/><\/p>\n<p>30<\/p>\n<p>30<\/p>\n<h3 style=\"color: #de3831;\">FAMILIA TOP DESIGN | Colecciones<\/h3>\n<p>Aqu\u00ed mostramos solo una selecci\u00f3n de esta familia Top design. Encontrar\u00e1 todas las colecciones que la componen en nuestro muestrario y en el cat\u00e1logo pdf. A continuaci\u00f3n, las enumeramos agrupadas por Sample Book.<\/p>\n<p>&nbsp;<\/p>\n<p><b>SAMPLE BOOK 15106_<\/b> SEDA SALVAJE | BACH | CAVENDISH | WILTON | WILFRED | AOSTA | VERSO | BURSA | TABRIZ<\/p>\n<p><b>SAMPLE BOOK 15108_<\/b> MANILA | DUKE | KALMAR | ZURICH | PONGE LISO | DOUBLE SIDE: PONGE &amp; INTERIOR GALES MATT GOLD OR GALES SHINY SILVER | PONGE SATIN<\/p>\n<p><b>SAMPLE BOOK 15110_<\/b>ELNA PLATA \/ ELNA ORO | NOCTURNO | ASCOT | AUREA | PASAVENTO | ELNA | DOUBLE SIDE: ELNA &amp; ELNA | PEARL | METALIX | MAYFAIR<\/p>\n<p><b>SAMPLE BOOK 15124_<\/b> ARROW | DOUBLE SIDE: ARROW &amp; INTERIOR GLASGOW GOLD OR SILVER | DOUBLE SIDE: ARENAL &amp; INTERIOR ARROW | WARWICK | DAMAS | DOUBLE SIDE: DAMAS &amp; INTERIOR GLASGOW GOLD OR SILVER | DOUBLE SIDE: ARENAL &amp; INTERIOR DAMAS | INNSBRUCK | KENYA<\/p>\n<p><b>SAMPLE BOOK 15125_<\/b> ARANA | FORMA | THEMA | SANDY | VOLGA | DOUBLE SIDE: LINASSI &amp; INTERIOR GLASGOW SILVER | DOUBLE SIDE: ARENAL &amp; INTERIOR LINASSI | DOUBLE SIDE: LEOPARDO &amp; INTERIOR GLASGOW GOLD | AGRA | SILKY | NEWARK | BELGICA<\/p>\n<p>no-repeat;center top;;<\/p>\n","protected":false},"excerpt":{"rendered":"<p>Light diffusers &amp; lampshade materials center no-repeat;center top;; Familia: Top design Sofisticados materiales de media y alta gama para a\u00f1adir valor a tus proyectos de iluminaci\u00f3n.<span class=\"excerpt-hellip\"> [\u2026]<\/span><\/p>\n","protected":false},"author":3,"featured_media":0,"parent":25,"menu_order":0,"comment_status":"closed","ping_status":"closed","template":"","meta":{"footnotes":""},"class_list":["post-384","page","type-page","status-publish","hentry"],"_links":{"self":[{"href":"https:\/\/www.gpcmares.com\/fr\/wp-json\/wp\/v2\/pages\/384","targetHints":{"allow":["GET"]}}],"collection":[{"href":"https:\/\/www.gpcmares.com\/fr\/wp-json\/wp\/v2\/pages"}],"about":[{"href":"https:\/\/www.gpcmares.com\/fr\/wp-json\/wp\/v2\/types\/page"}],"author":[{"embeddable":true,"href":"https:\/\/www.gpcmares.com\/fr\/wp-json\/wp\/v2\/users\/3"}],"replies":[{"embeddable":true,"href":"https:\/\/www.gpcmares.com\/fr\/wp-json\/wp\/v2\/comments?post=384"}],"version-history":[{"count":0,"href":"https:\/\/www.gpcmares.com\/fr\/wp-json\/wp\/v2\/pages\/384\/revisions"}],"up":[{"embeddable":true,"href":"https:\/\/www.gpcmares.com\/fr\/wp-json\/wp\/v2\/pages\/25"}],"wp:attachment":[{"href":"https:\/\/www.gpcmares.com\/fr\/wp-json\/wp\/v2\/media?parent=384"}],"curies":[{"name":"wp","href":"https:\/\/api.w.org\/{rel}","templated":true}]}}