{"id":6,"date":"2015-07-31T12:11:18","date_gmt":"2015-07-31T12:11:18","guid":{"rendered":"http:\/\/themes.muffingroup.com\/be\/decor\/?page_id=2"},"modified":"2024-02-21T11:22:29","modified_gmt":"2024-02-21T09:22:29","slug":"home","status":"publish","type":"page","link":"https:\/\/www.gpcmares.com\/fr\/","title":{"rendered":"Home"},"content":{"rendered":"<p>Claim<\/p>\n<p><img decoding=\"async\" class=\"only-mobile scale-with-grid\" style=\"margin: -60px 0 40px 0;\" src=\"http:\/\/www.gpcmares.com\/fr\/wp-content\/uploads\/2017\/07\/2mobile-slide.jpg\" \/><\/p>\n<h1 class=\"hometitle\" style=\"color: #444444; font-size: 55px; line-height: 55px;\">Light diffusers &amp; lampshade materials<\/h1>\n<p>center<\/p>\n<p>#ffffff<\/p>\n<p>no-repeat;center top;;<\/p>\n<p>0px<\/p>\n<p>60px 1%<\/p>\n<p>fadeIn<\/p>\n<p><img decoding=\"async\" src=\"http:\/\/www.gpcmares.com\/fr\/wp-content\/uploads\/2015\/07\/700x400_hosteleria.jpg\" alt=\"Hosteler\u00eda\" \/><\/p>\n<p>Hosteler\u00eda<\/p>\n<p><a href=\"http:\/\/www.gpcmares.com\/fr\/inspiraciones\/hosteleria\/\">http:\/\/www.gpcmares.com\/fr\/inspiraciones\/hosteleria\/<\/a><\/p>\n<p><img decoding=\"async\" src=\"http:\/\/www.gpcmares.com\/fr\/wp-content\/uploads\/2015\/07\/700x400_residencial.jpg\" alt=\"Residencial\" \/><\/p>\n<p>Residencial<\/p>\n<p><a href=\"http:\/\/www.gpcmares.com\/fr\/inspiraciones\/residencial\/\">http:\/\/www.gpcmares.com\/fr\/inspiraciones\/residencial\/<\/a><\/p>\n<p><img decoding=\"async\" src=\"http:\/\/www.gpcmares.com\/fr\/wp-content\/uploads\/2015\/07\/700x400_restauracion.jpg\" alt=\"Restauraci\u00f3n\" \/><\/p>\n<p>Restauraci\u00f3n<\/p>\n<p><a href=\"http:\/\/www.gpcmares.com\/fr\/inspiraciones\/restauracion\">http:\/\/www.gpcmares.com\/fr\/inspiraciones\/restauracion<\/a><\/p>\n<p><img decoding=\"async\" src=\"http:\/\/www.gpcmares.com\/fr\/wp-content\/uploads\/2015\/07\/700x400_corporate.jpg\" alt=\"Corporate\" \/><\/p>\n<p>Corporate<\/p>\n<p><a href=\"http:\/\/www.gpcmares.com\/fr\/inspiraciones\/corporate\">http:\/\/www.gpcmares.com\/fr\/inspiraciones\/corporate<\/a><\/p>\n<p><img decoding=\"async\" src=\"http:\/\/www.gpcmares.com\/fr\/wp-content\/uploads\/2015\/07\/700x400_retail.jpg\" alt=\"Retail &amp; Public\" \/><\/p>\n<p>Retail &amp; Public<\/p>\n<p><a href=\"http:\/\/www.gpcmares.com\/fr\/inspiraciones\/retail-public\">http:\/\/www.gpcmares.com\/fr\/inspiraciones\/retail-public<\/a><\/p>\n<p><img decoding=\"async\" src=\"http:\/\/www.gpcmares.com\/fr\/wp-content\/uploads\/2015\/07\/700x400_cuentanostuproyecto.jpg\" alt=\"Cu\u00e9ntanos tu proyecto\" \/><\/p>\n<p>Cu\u00e9ntanos tu proyecto<\/p>\n<p><a href=\"http:\/\/www.gpcmares.com\/fr\/inspiraciones\/otros-proyectos\">http:\/\/www.gpcmares.com\/fr\/inspiraciones\/otros-proyectos<\/a><\/p>\n<p><img decoding=\"async\" src=\"http:\/\/www.gpcmares.com\/fr\/wp-content\/uploads\/2015\/07\/contracts4.jpg\" alt=\"contracts4\" \/><\/p>\n<p>disable<\/p>\n<p>CONTRACTS<\/p>\n<h2 style=\"color: #ed7700; font-size: 20px; line-height: 24px;\"><b>QUEREMOS SER TU INSPIRACI\u00d3N<\/b><\/h2>\n<p style=\"color: white; font-size: 15px;\">M\u00faltiples posibilidades, materiales con car\u00e1cter propio con soluciones altamente est\u00e9ticas y t\u00e9cnicas.<\/p>\n<p>Nuestros cat\u00e1logos van destinados a:<br \/>\n<span style=\"color: white; font-size: 18px; line-height: 2;\"> Arquitectos \u2022 Dise\u00f1adores \u2022 Interioristas \u2022 Contract \u2022 Fabricantes de l\u00e1mparas \u2022 Cadenas hoteleras \u2022 Empresas de eventos<\/span><\/p>\n<p>center<\/p>\n<p>#444444<\/p>\n<p>no-repeat;right top;;<\/p>\n<p>20px 20px 20px 20px<\/p>\n<p>callouthome-contracts<\/p>\n<p>EFECTOS ESPECIALES<\/p>\n<h2 style=\"color: white; font-size: 20px; line-height: 24px;\"><b>COMPLEMENTA TUS IDEAS CON NUESTROS EFECTOS ESPECIALES<\/b><\/h2>\n<p style=\"color: white; font-size: 15px;\">Realiza proyectos incomparables con nuestra gama de productos especiales, \u00fanicos en el mercado.<\/p>\n<p>&nbsp;<\/p>\n<div class=\"button_align align_center\"><a class=\"button button_js\" href=\"http:\/\/www.gpcmares.com\/fr\/nuestra-historia\/efectos-especiales\"><span class=\"button_label\" style=\"font-size: 16px;\">\u00bfQUIERES SABER M\u00c1S?<\/span><\/a><\/div>\n<p>center<\/p>\n<p>#ED7700<\/p>\n<p>no-repeat;right top;;<\/p>\n<p>20px 20px 20px 20px<\/p>\n<h2 style=\"color: #444444; font-size: 38px; line-height: 115%; font-weight: 300;\">DESCUBRE<br \/>\n<span style=\"color: #ed7700;\">TODAS NUESTRAS<br \/>\nCOLECCIONES<\/span><\/h2>\n<p style=\"font-size: 15px;\">Buscamos ser tu inspiraci\u00f3n.<br \/>\nPor esta raz\u00f3n trabajamos cada d\u00eda para convertir nuestras colecciones<br \/>\nen una fuente de ideas frescas<br \/>\nque aportar\u00e1n valor a\u00f1adido a tus dise\u00f1os.<\/p>\n<p>center<\/p>\n<p>no-repeat;center;;<\/p>\n<p>VER M\u00c1S<\/p>\n<p><a href=\"http:\/\/www.gpcmares.com\/fr\/colecciones\">http:\/\/www.gpcmares.com\/fr\/colecciones<\/a><\/p>\n<p>center<\/p>\n<p>left<\/p>\n<p>#444444<\/p>\n<p>buttonhome<\/p>\n<p><img decoding=\"async\" src=\"http:\/\/www.gpcmares.com\/fr\/wp-content\/uploads\/2017\/05\/coolsmart_muestra02.jpg\" alt=\"COLORLUZ\" \/><\/p>\n<p>http:\/\/www.gpcmares.com\/fr\/wp-content\/uploads\/2017\/05\/Zoom_coolsmart_muestra02.jpg<\/p>\n<p><img decoding=\"async\" src=\"http:\/\/www.gpcmares.com\/fr\/wp-content\/uploads\/2015\/07\/Espiral_muestra.jpg\" alt=\"Espiral_muestra\" \/><\/p>\n<p>http:\/\/www.gpcmares.com\/fr\/wp-content\/uploads\/2015\/07\/Espiral_zoom.jpg<\/p>\n<p><img decoding=\"async\" src=\"http:\/\/www.gpcmares.com\/fr\/wp-content\/uploads\/2015\/07\/doubleside_muestra.jpg\" alt=\"doubleside_muestra\" \/><\/p>\n<p>http:\/\/www.gpcmares.com\/fr\/wp-content\/uploads\/2015\/07\/doubleside_zoom.jpg<\/p>\n<p><img decoding=\"async\" src=\"http:\/\/www.gpcmares.com\/fr\/wp-content\/uploads\/2017\/05\/topdesign_muestra04.jpg\" alt=\"ARENAL &amp; INT. ARROW\" \/><\/p>\n<p>http:\/\/www.gpcmares.com\/fr\/wp-content\/uploads\/2016\/10\/Zoom_topdesign_muestra04.jpg<\/p>\n<h2 style=\"color: #ffffff; font-size: 30px; line-height: 115%; font-weight: 500;\">NUESTRO NUEVO MUESTRARIO<\/h2>\n<h5 style=\"color: #ffffff; font-size: 23px; line-height: 110%;\">Miles de combinaciones de colores y texturas.<br \/>\nLas posibilidades son infinitas.<\/h5>\n<div class=\"button_align align_center\"><a class=\"button button_left button_size_1 button_js kill_the_icon\" href=\"http:\/\/www.gpcmares.com\/fr\/solicitar-muestrario\"><i class=\"icon-upload\"><\/i><span class=\"button_label\">SOLICITAR<\/span><\/a><\/div>\n<p>center<\/p>\n<p>http:\/\/www.gpcmares.com\/fr\/wp-content\/uploads\/2015\/07\/ED77001500X750PX.jpg<\/p>\n<p>no-repeat;center top;;<\/p>\n<p>30px 30px 5px 30px<\/p>\n<p>homcatalog<\/p>\n<p style=\"font-size: 15px; text-align: center;\">Este muestrario contiene una parte significativa de la amplia gama de colecciones que ofrecemos. Intenta dar una idea de las m\u00faltiples posibilidades de combinaci\u00f3n de nuestros materiales que permiten crear ambientes diferenciados a trav\u00e9s de una iluminaci\u00f3n personalizada.<\/p>\n<p>no-repeat;center top;;<\/p>\n<p><img decoding=\"async\" src=\"http:\/\/www.gpcmares.com\/fr\/wp-content\/uploads\/2015\/07\/MuestrarioHome.jpg\" alt=\"MuestrarioHome\" \/><\/p>\n<p>450<\/p>\n<p>auto<\/p>\n<p>center<\/p>\n","protected":false},"excerpt":{"rendered":"<p>Claim Light diffusers &amp; lampshade materials center #ffffff no-repeat;center top;; 0px 60px 1% fadeIn Hosteler\u00eda http:\/\/www.gpcmares.com\/fr\/inspiraciones\/hosteleria\/ Residencial http:\/\/www.gpcmares.com\/fr\/inspiraciones\/residencial\/ Restauraci\u00f3n http:\/\/www.gpcmares.com\/fr\/inspiraciones\/restauracion Corporate http:\/\/www.gpcmares.com\/fr\/inspiraciones\/corporate Retail &amp; Public http:\/\/www.gpcmares.com\/fr\/inspiraciones\/retail-public<span class=\"excerpt-hellip\"> [\u2026]<\/span><\/p>\n","protected":false},"author":3,"featured_media":0,"parent":0,"menu_order":0,"comment_status":"closed","ping_status":"open","template":"","meta":{"footnotes":""},"class_list":["post-6","page","type-page","status-publish","hentry"],"_links":{"self":[{"href":"https:\/\/www.gpcmares.com\/fr\/wp-json\/wp\/v2\/pages\/6","targetHints":{"allow":["GET"]}}],"collection":[{"href":"https:\/\/www.gpcmares.com\/fr\/wp-json\/wp\/v2\/pages"}],"about":[{"href":"https:\/\/www.gpcmares.com\/fr\/wp-json\/wp\/v2\/types\/page"}],"author":[{"embeddable":true,"href":"https:\/\/www.gpcmares.com\/fr\/wp-json\/wp\/v2\/users\/3"}],"replies":[{"embeddable":true,"href":"https:\/\/www.gpcmares.com\/fr\/wp-json\/wp\/v2\/comments?post=6"}],"version-history":[{"count":0,"href":"https:\/\/www.gpcmares.com\/fr\/wp-json\/wp\/v2\/pages\/6\/revisions"}],"wp:attachment":[{"href":"https:\/\/www.gpcmares.com\/fr\/wp-json\/wp\/v2\/media?parent=6"}],"curies":[{"name":"wp","href":"https:\/\/api.w.org\/{rel}","templated":true}]}}