{"id":912,"date":"2016-11-18T11:36:59","date_gmt":"2016-11-18T11:36:59","guid":{"rendered":"http:\/\/www.gpcmares.com\/fr\/?page_id=912"},"modified":"2024-10-25T06:53:49","modified_gmt":"2024-10-25T06:53:49","slug":"faq","status":"publish","type":"page","link":"https:\/\/www.gpcmares.com\/fr\/nous\/faq\/","title":{"rendered":"FAQ"},"content":{"rendered":"<p>40<\/p>\n<p>default<\/p>\n<p>Preguntas frecuentes<\/p>\n<p>\u00bfPuedo obtener muestras?: Si a\u00fan no has elegido el tipo de material y quieres ver todas nuestras colecciones, solicita nuestro cat\u00e1logo completo. Es un muestrario extenso de colecciones de cat\u00e1logo agrupados en 11 familias.<br \/>\nSi ya tienes un tipo de material o color preferido, te podemos enviar muestrarios espec\u00edficos de tu inter\u00e9s.<br \/>\nY si ya tienes una idea fija y no la encuentras en nuestras propuestas del cat\u00e1logo, cu\u00e9ntanos y te prepararemos una muestra personalizada.<\/p>\n<p>A qu\u00e9 llamamos soporte. Colores y espesores de soportes disponibles: <strong>A qu\u00e9 llamamos soporte<\/strong><\/p>\n<p>La mayor\u00eda de los materiales para pantallas de l\u00e1mparas que ofrecemos, est\u00e1n compuestos por capas de tejidos, papeles, films metalizados u otros, que se unen entre s\u00ed por diversos procedimientos utilizando como soporte de base films polim\u00e9ricos r\u00edgidos. El soporte define a la vez las propiedades mec\u00e1nicas y, sobre todo, la transparencia de los materiales. Los tenemos disponibles en varios espesores, colores, transparencias u otras caracter\u00edsticas.<\/p>\n<p><strong>Colores:<\/strong><\/p>\n<p>Blanco: Color blanco trasl\u00facido<br \/>\nOpal: Color blanco disminuido (lechoso) trasl\u00facido<br \/>\nOpaco: Color blanco no trasl\u00facido<br \/>\nCristal: Color cristal trasl\u00facido, con acabado mate<br \/>\nTransparente: Color cristal, transparencia total, brillo a dos caras<br \/>\n<strong>Espesores:<\/strong><\/p>\n<p>Tenemos stock habitual de soportes en 200\u00b5, 250\u00b5, 300\u00b5, 400\u00b5, 500\u00b5 y 700\u00b5 de grosor en distintos colores.<\/p>\n<p>Disponemos de soportes compuestos por diferentes pol\u00edmeros, resistentes a fuego o en versi\u00f3n autoadhesiva.<br \/>\nPor supuesto, tambi\u00e9n es posible el laminado de nuestros componentes sobre cualquier otro tipo de soporte: madera, metacrilato, cartulina, etc. Cons\u00faltanos para definir todas las posibilidades.<\/p>\n<p>\u00bfPuedo visitar vuestras instalaciones?: Para los profesionales de los diferentes sectores, una buena forma para conocer nuestros materiales es mediante una visita a nuestra empresa. En el mismo momento de la visita, pueden llevarse muestras.<\/p>\n<p>Las visitas deben ser concertadas con anterioridad para garantizar una atenci\u00f3n adecuada a nuestros clientes. Lamentablemente, no podemos atender visitas de particulares, ya que, no vendemos al p\u00fablico final.<br \/>\nSi usted es un particular, por favor contacte con su proveedor habitual.<\/p>\n<p>Soportes ocultos: En muchas ocasiones el soporte en el producto final no queda a la vista, sino oculto entre los dem\u00e1s componentes.<br \/>\nEllo genera ampl\u00edsimas posibilidades de dise\u00f1o con laminados doble cara en distintos colores, combinaci\u00f3n de tejidos lisos y estampados en el interior y exterior, acabados oro, plata, etc.<\/p>\n<p>En este terreno las posibilidades de dise\u00f1o son tan amplias que hay que tratarlas personalmente para encontrar la soluci\u00f3n m\u00e1s adecuada para cada caso. No dude en consultarnos.<\/p>\n<p>Formas de suministro habitual: Nuestros materiales laminados se entregan en bobinas de 25 metros de longitud y hasta 150 cm de ancho, variables dependiendo del de material.<br \/>\nHabitualmente, estos art\u00edculos pueden entregarse tambi\u00e9n en forma de:<\/p>\n<p>&#8211; Bandas de cualquier ancho cortadas a partir de la bobina de ancho 125-150 cm.<br \/>\n&#8211; En versi\u00f3n autoadhesiva por una de sus caras.<br \/>\n&#8211; Piezas cortadas seg\u00fan plano del cliente mediante plotter de corte de alta precisi\u00f3n.<br \/>\n&#8211; Las mismas piezas con marcas (hendidos) para facilitar el doblado y montaje de formas.<\/p>\n<p>Para cualquier otro tipo de presentaci\u00f3n o acabado, cons\u00faltenos.<\/p>\n","protected":false},"excerpt":{"rendered":"<p>40 default Preguntas frecuentes \u00bfPuedo obtener muestras?: Si a\u00fan no has elegido el tipo de material y quieres ver todas nuestras colecciones, solicita nuestro cat\u00e1logo completo.<span class=\"excerpt-hellip\"> [\u2026]<\/span><\/p>\n","protected":false},"author":3,"featured_media":0,"parent":1440,"menu_order":0,"comment_status":"closed","ping_status":"closed","template":"","meta":{"footnotes":""},"class_list":["post-912","page","type-page","status-publish","hentry"],"_links":{"self":[{"href":"https:\/\/www.gpcmares.com\/fr\/wp-json\/wp\/v2\/pages\/912","targetHints":{"allow":["GET"]}}],"collection":[{"href":"https:\/\/www.gpcmares.com\/fr\/wp-json\/wp\/v2\/pages"}],"about":[{"href":"https:\/\/www.gpcmares.com\/fr\/wp-json\/wp\/v2\/types\/page"}],"author":[{"embeddable":true,"href":"https:\/\/www.gpcmares.com\/fr\/wp-json\/wp\/v2\/users\/3"}],"replies":[{"embeddable":true,"href":"https:\/\/www.gpcmares.com\/fr\/wp-json\/wp\/v2\/comments?post=912"}],"version-history":[{"count":0,"href":"https:\/\/www.gpcmares.com\/fr\/wp-json\/wp\/v2\/pages\/912\/revisions"}],"up":[{"embeddable":true,"href":"https:\/\/www.gpcmares.com\/fr\/wp-json\/wp\/v2\/pages\/1440"}],"wp:attachment":[{"href":"https:\/\/www.gpcmares.com\/fr\/wp-json\/wp\/v2\/media?parent=912"}],"curies":[{"name":"wp","href":"https:\/\/api.w.org\/{rel}","templated":true}]}}